{"id":20,"date":"2018-07-17T12:28:36","date_gmt":"2018-07-17T12:28:36","guid":{"rendered":"http:\/\/easey.io\/icas\/?page_id=20"},"modified":"2025-10-02T11:02:16","modified_gmt":"2025-10-02T09:02:16","slug":"impressum","status":"publish","type":"page","link":"https:\/\/lyrawellbeing.lu\/de\/impressum\/","title":{"rendered":"Impressum"},"content":{"rendered":"<div id='av_section_1'  class='avia-section av-3atbw-c4324f9b2daf2f83b8cea755fb8e87cc main_color avia-section-small avia-no-border-styling  avia-builder-el-0  el_before_av_section  avia-builder-el-first  ctm-break-point-ct ctm-full-padding avia-bg-style-scroll container_wrap fullsize'  ><div class='container av-section-cont-open' ><main  role=\"main\" itemprop=\"mainContentOfPage\"  class='template-page content  av-content-full alpha units'><div class='post-entry post-entry-type-page post-entry-20'><div class='entry-content-wrapper clearfix'>\n<div class='flex_column_table av-9g7s-9196b9b664871da78216a746aae593ac sc-av_two_fifth av-equal-height-column-flextable'><div  class='flex_column av-9g7s-9196b9b664871da78216a746aae593ac av_two_fifth  avia-builder-el-1  el_before_av_three_fifth  avia-builder-el-first  ctm-break-point ctm-order-two first no_margin flex_column_table_cell av-equal-height-column av-align-middle  '     ><style type=\"text\/css\" data-created_by=\"avia_inline_auto\" id=\"style-css-av-m28su0iu-a001267405f749767dcab846da0fdd24\">\n#top .av-special-heading.av-m28su0iu-a001267405f749767dcab846da0fdd24{\npadding-bottom:10px;\n}\nbody .av-special-heading.av-m28su0iu-a001267405f749767dcab846da0fdd24 .av-special-heading-tag .heading-char{\nfont-size:25px;\n}\n#top #wrap_all .av-special-heading.av-m28su0iu-a001267405f749767dcab846da0fdd24 .av-special-heading-tag{\npadding:0 0 10px 0;\n}\n.av-special-heading.av-m28su0iu-a001267405f749767dcab846da0fdd24 .av-subheading{\nfont-size:15px;\n}\n\n@media only screen and (min-width: 768px) and (max-width: 989px){ \n#top #wrap_all .av-special-heading.av-m28su0iu-a001267405f749767dcab846da0fdd24 .av-special-heading-tag{\nfont-size:30px;\n}\n}\n\n@media only screen and (min-width: 480px) and (max-width: 767px){ \n#top #wrap_all .av-special-heading.av-m28su0iu-a001267405f749767dcab846da0fdd24 .av-special-heading-tag{\nfont-size:30px;\n}\n}\n\n@media only screen and (max-width: 479px){ \n#top #wrap_all .av-special-heading.av-m28su0iu-a001267405f749767dcab846da0fdd24 .av-special-heading-tag{\nfont-size:30px;\n}\n}\n<\/style>\n<div  class='av-special-heading av-m28su0iu-a001267405f749767dcab846da0fdd24 av-special-heading-h1 blockquote modern-quote  avia-builder-el-2  avia-builder-el-no-sibling  av-linked-heading'><h1 class='av-special-heading-tag'  itemprop=\"headline\"  >Impressum<\/h1><div class=\"special-heading-border\"><div class=\"special-heading-inner-border\"><\/div><\/div><\/div><\/div>\n<style type=\"text\/css\" data-created_by=\"avia_inline_auto\" id=\"style-css-av-29m4s-bc5ea06a543134c815e97dc53b86c877\">\n.avia_transform .flex_column.av-29m4s-bc5ea06a543134c815e97dc53b86c877{\nanimation-duration:2s;\n}\n<\/style>\n<div  class='flex_column av-29m4s-bc5ea06a543134c815e97dc53b86c877 av_three_fifth  avia-builder-el-3  el_after_av_two_fifth  avia-builder-el-last  ctm-break-point no_margin flex_column_table_cell av-equal-height-column av-align-middle av-animated-generic right-to-left  '     ><style type=\"text\/css\" data-created_by=\"avia_inline_auto\" id=\"style-css-av-m28svszu-27b839cceba3fb45ca61ab3122e4110c\">\n.avia-image-container.av-m28svszu-27b839cceba3fb45ca61ab3122e4110c img.avia_image{\nbox-shadow:none;\n}\n.avia-image-container.av-m28svszu-27b839cceba3fb45ca61ab3122e4110c .av-image-caption-overlay-center{\ncolor:#ffffff;\n}\n<\/style>\n<div  class='avia-image-container av-m28svszu-27b839cceba3fb45ca61ab3122e4110c av-styling- avia-align-center  avia-builder-el-4  avia-builder-el-no-sibling '   itemprop=\"image\" itemscope=\"itemscope\" itemtype=\"https:\/\/schema.org\/ImageObject\" ><div class=\"avia-image-container-inner\"><div class=\"avia-image-overlay-wrap\"><img decoding=\"async\" fetchpriority=\"high\" class='wp-image-5796 avia-img-lazy-loading-not-5796 avia_image ' src=\"\/wp-content\/uploads\/2024\/10\/impressum-1.png\" alt='' title='impressum-1'  height=\"855\" width=\"1280\"  itemprop=\"thumbnailUrl\" srcset=\"\/wp-content\/uploads\/2024\/10\/impressum-1.png 1280w, \/wp-content\/uploads\/2024\/10\/impressum-1-300x200.png 300w, \/wp-content\/uploads\/2024\/10\/impressum-1-1030x688.png 1030w, \/wp-content\/uploads\/2024\/10\/impressum-1-768x513.png 768w, \/wp-content\/uploads\/2024\/10\/impressum-1-705x471.png 705w, \/wp-content\/uploads\/2024\/10\/impressum-1-450x301.png 450w, \/wp-content\/uploads\/2024\/10\/impressum-1-600x401.png 600w\" sizes=\"(max-width: 1280px) 100vw, 1280px\" \/><\/div><\/div><\/div><\/div><\/div><!--close column table wrapper. Autoclose: 1 --><\/div><\/div><\/main><!-- close content main element --><\/div><\/div>\n<style type=\"text\/css\" data-created_by=\"avia_inline_auto\" id=\"style-css-av-1g1s4-33920c7a290c54dcbbdfcf5774246733\">\n.avia-section.av-1g1s4-33920c7a290c54dcbbdfcf5774246733{\nbackground-color:#fbfaf9;\nbackground-image:unset;\n}\n<\/style>\n<div id='av_section_2'  class='avia-section av-1g1s4-33920c7a290c54dcbbdfcf5774246733 main_color avia-section-large avia-no-border-styling  avia-builder-el-5  el_after_av_section  avia-builder-el-last  ctm-break-point-ct avia-bg-style-scroll container_wrap fullsize'  ><div class='container av-section-cont-open' ><div class='template-page content  av-content-full alpha units'><div class='post-entry post-entry-type-page post-entry-20'><div class='entry-content-wrapper clearfix'>\n<div class='flex_column_table av-11zas-99d0dd1c9d68e58301d487783719ee48 sc-av_one_full av-equal-height-column-flextable'><div  class='flex_column av-11zas-99d0dd1c9d68e58301d487783719ee48 av_one_full  avia-builder-el-6  avia-builder-el-no-sibling  first flex_column_table_cell av-equal-height-column av-align-middle  '     ><section  class='av_textblock_section av-jvw0k0f7-537a64ffbacd1d7b4933f8a15bb245d0 '   itemscope=\"itemscope\" itemtype=\"https:\/\/schema.org\/CreativeWork\" ><div class='avia_textblock'  itemprop=\"text\" ><p><b>Herausgeber:<\/b><\/p>\n<p>Lyra International Luxembourg SARL<br \/>\n10, rue Nicolas Adames<br \/>\nBP 758<br \/>\n1114 Luxembourg<\/p>\n<p>Tel.: +352 26 19 65 64<br \/>\n<a href=\"mailto:info.eu@lyrahealth.com\">info.eu@lyrahealth.com<\/a><\/p>\n<p><br class=\"avia-permanent-lb\" \/>Gesellschaftskapital: \u20ac 12.400<\/p>\n<p>Eingetragen im Handelsregister Luxemburg unter der Nummer: B132045<\/p>\n<p>USt.-Nr.: LU22153918<\/p>\n<p><br class=\"avia-permanent-lb\" \/><b>Haftungsausschluss:<\/b><\/p>\n<p>Der Betreiber der Website \u00fcbernimmt keinerlei Gew\u00e4hr f\u00fcr die Aktualit\u00e4t, Korrektheit, Vollst\u00e4ndigkeit und Qualit\u00e4t der bereitgestellten Informationen. Haftungsanspr\u00fcche gegen den Betreiber, welche sich auf Sch\u00e4den materieller oder ideeller Art beziehen, die durch die Nutzung oder Nichtnutzung der dargebotenen Informationen bzw. durch die Nutzung fehlerhafter und unvollst\u00e4ndiger Informationen verursacht wurden, sind grunds\u00e4tzlich ausgeschlossen, sofern seitens des Autors kein nachweislich vors\u00e4tzliches oder grob fahrl\u00e4ssiges Verschulden vorliegt. Alle Angebote sind freibleibend und unverbindlich. Trotz sorgf\u00e4ltiger inhaltlicher Kontrolle \u00fcbernehmen wir keine Haftung f\u00fcr die Inhalte externer Links. F\u00fcr den Inhalt der verlinkten Seiten sind ausschliesslich deren Betreiber verantwortlich.<\/p>\n<\/div><\/section><\/div><\/div><!--close column table wrapper. Autoclose: 1 --><\/p>\n","protected":false},"excerpt":{"rendered":"","protected":false},"author":5,"featured_media":0,"parent":0,"menu_order":0,"comment_status":"closed","ping_status":"closed","template":"","meta":{"footnotes":""},"class_list":["post-20","page","type-page","status-publish","hentry"],"yoast_head":"<!-- This site is optimized with the Yoast SEO plugin v25.8 - https:\/\/yoast.com\/wordpress\/plugins\/seo\/ -->\n<title>Lyra Luxembourg |\u00a0Vertrauliche Mitarbeiterberatung EAP<\/title>\n<meta name=\"description\" content=\"Pers\u00f6nlicher Beratungsdienst f\u00fcr Firmen in Luxemburg. Lyra Employee Assistance Program (EAP) zur externen Mitarbeiterberatung im Betrieb.\" \/>\n<meta name=\"robots\" content=\"index, follow, max-snippet:-1, max-image-preview:large, max-video-preview:-1\" \/>\n<link rel=\"canonical\" href=\"https:\/\/lyrawellbeing.lu\/de\/impressum\/\" \/>\n<meta property=\"og:locale\" content=\"de_DE\" \/>\n<meta property=\"og:type\" content=\"article\" \/>\n<meta property=\"og:title\" content=\"Lyra Luxembourg |\u00a0Vertrauliche Mitarbeiterberatung EAP\" \/>\n<meta property=\"og:description\" content=\"Pers\u00f6nlicher Beratungsdienst f\u00fcr Firmen in Luxemburg. Lyra Employee Assistance Program (EAP) zur externen Mitarbeiterberatung im Betrieb.\" \/>\n<meta property=\"og:url\" content=\"https:\/\/lyrawellbeing.lu\/de\/impressum\/\" \/>\n<meta property=\"og:site_name\" content=\"Lyra Luxembourg\" \/>\n<meta property=\"article:modified_time\" content=\"2025-10-02T09:02:16+00:00\" \/>\n<meta name=\"twitter:card\" content=\"summary_large_image\" \/>\n<meta name=\"twitter:label1\" content=\"Gesch\u00e4tzte Lesezeit\" \/>\n\t<meta name=\"twitter:data1\" content=\"1\u00a0Minute\" \/>\n<script type=\"application\/ld+json\" class=\"yoast-schema-graph\">{\"@context\":\"https:\/\/schema.org\",\"@graph\":[{\"@type\":\"WebPage\",\"@id\":\"https:\/\/lyrawellbeing.lu\/de\/impressum\/\",\"url\":\"https:\/\/lyrawellbeing.lu\/de\/impressum\/\",\"name\":\"Lyra Luxembourg |\u00a0Vertrauliche Mitarbeiterberatung EAP\",\"isPartOf\":{\"@id\":\"https:\/\/lyrawellbeing.lu\/de\/#website\"},\"datePublished\":\"2018-07-17T12:28:36+00:00\",\"dateModified\":\"2025-10-02T09:02:16+00:00\",\"description\":\"Pers\u00f6nlicher Beratungsdienst f\u00fcr Firmen in Luxemburg. Lyra Employee Assistance Program (EAP) zur externen Mitarbeiterberatung im Betrieb.\",\"breadcrumb\":{\"@id\":\"https:\/\/lyrawellbeing.lu\/de\/impressum\/#breadcrumb\"},\"inLanguage\":\"de\",\"potentialAction\":[{\"@type\":\"ReadAction\",\"target\":[\"https:\/\/lyrawellbeing.lu\/de\/impressum\/\"]}]},{\"@type\":\"BreadcrumbList\",\"@id\":\"https:\/\/lyrawellbeing.lu\/de\/impressum\/#breadcrumb\",\"itemListElement\":[{\"@type\":\"ListItem\",\"position\":1,\"name\":\"Home\",\"item\":\"https:\/\/lyrawellbeing.lu\/de\/externe-mitarbeiterberatung\/\"},{\"@type\":\"ListItem\",\"position\":2,\"name\":\"Impressum\"}]},{\"@type\":\"WebSite\",\"@id\":\"https:\/\/lyrawellbeing.lu\/de\/#website\",\"url\":\"https:\/\/lyrawellbeing.lu\/de\/\",\"name\":\"Lyra Luxembourg\",\"description\":\"\",\"publisher\":{\"@id\":\"https:\/\/lyrawellbeing.lu\/de\/#organization\"},\"potentialAction\":[{\"@type\":\"SearchAction\",\"target\":{\"@type\":\"EntryPoint\",\"urlTemplate\":\"https:\/\/lyrawellbeing.lu\/de\/?s={search_term_string}\"},\"query-input\":{\"@type\":\"PropertyValueSpecification\",\"valueRequired\":true,\"valueName\":\"search_term_string\"}}],\"inLanguage\":\"de\"},{\"@type\":\"Organization\",\"@id\":\"https:\/\/lyrawellbeing.lu\/de\/#organization\",\"name\":\"Lyra Luxembourg\",\"url\":\"https:\/\/lyrawellbeing.lu\/de\/\",\"logo\":{\"@type\":\"ImageObject\",\"inLanguage\":\"de\",\"@id\":\"https:\/\/lyrawellbeing.lu\/de\/#\/schema\/logo\/image\/\",\"url\":\"\/wp-content\/uploads\/2025\/07\/LyraLuxembourg_Teal_340x156px.png\",\"contentUrl\":\"\/wp-content\/uploads\/2025\/07\/LyraLuxembourg_Teal_340x156px.png\",\"width\":1360,\"height\":624,\"caption\":\"Lyra Luxembourg\"},\"image\":{\"@id\":\"https:\/\/lyrawellbeing.lu\/de\/#\/schema\/logo\/image\/\"}}]}<\/script>\n<!-- \/ Yoast SEO plugin. -->","yoast_head_json":{"title":"Lyra Luxembourg |\u00a0Vertrauliche Mitarbeiterberatung EAP","description":"Pers\u00f6nlicher Beratungsdienst f\u00fcr Firmen in Luxemburg. Lyra Employee Assistance Program (EAP) zur externen Mitarbeiterberatung im Betrieb.","robots":{"index":"index","follow":"follow","max-snippet":"max-snippet:-1","max-image-preview":"max-image-preview:large","max-video-preview":"max-video-preview:-1"},"canonical":"https:\/\/lyrawellbeing.lu\/de\/impressum\/","og_locale":"de_DE","og_type":"article","og_title":"Lyra Luxembourg |\u00a0Vertrauliche Mitarbeiterberatung EAP","og_description":"Pers\u00f6nlicher Beratungsdienst f\u00fcr Firmen in Luxemburg. Lyra Employee Assistance Program (EAP) zur externen Mitarbeiterberatung im Betrieb.","og_url":"https:\/\/lyrawellbeing.lu\/de\/impressum\/","og_site_name":"Lyra Luxembourg","article_modified_time":"2025-10-02T09:02:16+00:00","twitter_card":"summary_large_image","twitter_misc":{"Gesch\u00e4tzte Lesezeit":"1\u00a0Minute"},"schema":{"@context":"https:\/\/schema.org","@graph":[{"@type":"WebPage","@id":"https:\/\/lyrawellbeing.lu\/de\/impressum\/","url":"https:\/\/lyrawellbeing.lu\/de\/impressum\/","name":"Lyra Luxembourg |\u00a0Vertrauliche Mitarbeiterberatung EAP","isPartOf":{"@id":"https:\/\/lyrawellbeing.lu\/de\/#website"},"datePublished":"2018-07-17T12:28:36+00:00","dateModified":"2025-10-02T09:02:16+00:00","description":"Pers\u00f6nlicher Beratungsdienst f\u00fcr Firmen in Luxemburg. Lyra Employee Assistance Program (EAP) zur externen Mitarbeiterberatung im Betrieb.","breadcrumb":{"@id":"https:\/\/lyrawellbeing.lu\/de\/impressum\/#breadcrumb"},"inLanguage":"de","potentialAction":[{"@type":"ReadAction","target":["https:\/\/lyrawellbeing.lu\/de\/impressum\/"]}]},{"@type":"BreadcrumbList","@id":"https:\/\/lyrawellbeing.lu\/de\/impressum\/#breadcrumb","itemListElement":[{"@type":"ListItem","position":1,"name":"Home","item":"https:\/\/lyrawellbeing.lu\/de\/externe-mitarbeiterberatung\/"},{"@type":"ListItem","position":2,"name":"Impressum"}]},{"@type":"WebSite","@id":"https:\/\/lyrawellbeing.lu\/de\/#website","url":"https:\/\/lyrawellbeing.lu\/de\/","name":"Lyra Luxembourg","description":"","publisher":{"@id":"https:\/\/lyrawellbeing.lu\/de\/#organization"},"potentialAction":[{"@type":"SearchAction","target":{"@type":"EntryPoint","urlTemplate":"https:\/\/lyrawellbeing.lu\/de\/?s={search_term_string}"},"query-input":{"@type":"PropertyValueSpecification","valueRequired":true,"valueName":"search_term_string"}}],"inLanguage":"de"},{"@type":"Organization","@id":"https:\/\/lyrawellbeing.lu\/de\/#organization","name":"Lyra Luxembourg","url":"https:\/\/lyrawellbeing.lu\/de\/","logo":{"@type":"ImageObject","inLanguage":"de","@id":"https:\/\/lyrawellbeing.lu\/de\/#\/schema\/logo\/image\/","url":"\/wp-content\/uploads\/2025\/07\/LyraLuxembourg_Teal_340x156px.png","contentUrl":"\/wp-content\/uploads\/2025\/07\/LyraLuxembourg_Teal_340x156px.png","width":1360,"height":624,"caption":"Lyra Luxembourg"},"image":{"@id":"https:\/\/lyrawellbeing.lu\/de\/#\/schema\/logo\/image\/"}}]}},"_links":{"self":[{"href":"https:\/\/lyrawellbeing.lu\/de\/wp-json\/wp\/v2\/pages\/20"}],"collection":[{"href":"https:\/\/lyrawellbeing.lu\/de\/wp-json\/wp\/v2\/pages"}],"about":[{"href":"https:\/\/lyrawellbeing.lu\/de\/wp-json\/wp\/v2\/types\/page"}],"author":[{"embeddable":true,"href":"https:\/\/lyrawellbeing.lu\/de\/wp-json\/wp\/v2\/users\/5"}],"replies":[{"embeddable":true,"href":"https:\/\/lyrawellbeing.lu\/de\/wp-json\/wp\/v2\/comments?post=20"}],"version-history":[{"count":4,"href":"https:\/\/lyrawellbeing.lu\/de\/wp-json\/wp\/v2\/pages\/20\/revisions"}],"predecessor-version":[{"id":6695,"href":"https:\/\/lyrawellbeing.lu\/de\/wp-json\/wp\/v2\/pages\/20\/revisions\/6695"}],"wp:attachment":[{"href":"https:\/\/lyrawellbeing.lu\/de\/wp-json\/wp\/v2\/media?parent=20"}],"curies":[{"name":"wp","href":"https:\/\/api.w.org\/{rel}","templated":true}]}}