{"id":521,"date":"2019-06-20T05:50:57","date_gmt":"2019-06-20T03:50:57","guid":{"rendered":"https:\/\/lyrawellbeinglu-a7f6fwfwehh3g7fu.switzerlandnorth-01.azurewebsites.net\/?page_id=521"},"modified":"2025-10-02T09:48:51","modified_gmt":"2025-10-02T07:48:51","slug":"employee-assistance-program-jobs","status":"publish","type":"page","link":"https:\/\/lyrawellbeing.lu\/de\/employee-assistance-program-jobs\/","title":{"rendered":"Jobs"},"content":{"rendered":"<div id='av_section_1'  class='avia-section av-cs9wc8-b458e3bd33facccb39d5161a1b5ed691 main_color avia-section-large avia-no-border-styling  avia-builder-el-0  el_before_av_section  avia-builder-el-first  ctm-break-point-ct ctm-full-padding avia-bg-style-scroll container_wrap fullsize'  ><div class='container av-section-cont-open' ><main  role=\"main\" itemprop=\"mainContentOfPage\"  class='template-page content  av-content-full alpha units'><div class='post-entry post-entry-type-page post-entry-521'><div class='entry-content-wrapper clearfix'>\n<div class='flex_column_table av-ahufmw-bcf3f1e3023b7d0b526f1b532368846b sc-av_two_fifth av-equal-height-column-flextable'><div  class='flex_column av-ahufmw-bcf3f1e3023b7d0b526f1b532368846b av_two_fifth  avia-builder-el-1  el_before_av_three_fifth  avia-builder-el-first  ctm-break-point ctm-order-two first no_margin flex_column_table_cell av-equal-height-column av-align-middle  '     ><p>\n<style type=\"text\/css\" data-created_by=\"avia_inline_auto\" id=\"style-css-av-lygxx1az-cf57b765461d60ff9a3e6c9c588ff50c\">\n#top .av-special-heading.av-lygxx1az-cf57b765461d60ff9a3e6c9c588ff50c{\npadding-bottom:10px;\n}\nbody .av-special-heading.av-lygxx1az-cf57b765461d60ff9a3e6c9c588ff50c .av-special-heading-tag .heading-char{\nfont-size:25px;\n}\n#top #wrap_all .av-special-heading.av-lygxx1az-cf57b765461d60ff9a3e6c9c588ff50c .av-special-heading-tag{\npadding:0 0 10px 0;\n}\n.av-special-heading.av-lygxx1az-cf57b765461d60ff9a3e6c9c588ff50c .av-subheading{\nfont-size:15px;\n}\n\n@media only screen and (min-width: 768px) and (max-width: 989px){ \n#top #wrap_all .av-special-heading.av-lygxx1az-cf57b765461d60ff9a3e6c9c588ff50c .av-special-heading-tag{\nfont-size:30px;\n}\n}\n\n@media only screen and (min-width: 480px) and (max-width: 767px){ \n#top #wrap_all .av-special-heading.av-lygxx1az-cf57b765461d60ff9a3e6c9c588ff50c .av-special-heading-tag{\nfont-size:30px;\n}\n}\n\n@media only screen and (max-width: 479px){ \n#top #wrap_all .av-special-heading.av-lygxx1az-cf57b765461d60ff9a3e6c9c588ff50c .av-special-heading-tag{\nfont-size:30px;\n}\n}\n<\/style>\n<div  class='av-special-heading av-lygxx1az-cf57b765461d60ff9a3e6c9c588ff50c av-special-heading-h1 blockquote modern-quote  avia-builder-el-2  el_before_av_textblock  avia-builder-el-first  av-linked-heading'><h1 class='av-special-heading-tag'  itemprop=\"headline\"  >Jobs<\/h1><div class=\"special-heading-border\"><div class=\"special-heading-inner-border\"><\/div><\/div><\/div><br \/>\n<section  class='av_textblock_section av-lygxxaqa-c976663838987cedb4deb60e2d2d2d6a '   itemscope=\"itemscope\" itemtype=\"https:\/\/schema.org\/CreativeWork\" ><div class='avia_textblock'  itemprop=\"text\" ><p>Lyra ist ein f\u00fchrender Anbieter von externer Mitarbeiterberatung (Employee Assistance Program EAP). Unser Support Center in Wallisellen betreut die 6 L\u00e4nder Schweiz, Frankreich, Deutschland, Luxemburg, Italien und \u00d6sterreich rund um die Uhr und in vier Sprachen.<\/p>\n<p>Neben psychologischer Beratung geh\u00f6ren Unterst\u00fctzung f\u00fcr F\u00fchrungskr\u00e4fte, die telefonische Rechtsberatung und die Beratung zu sozialen Themen eine bedeutende Stellung ein. Weitere Dienstleistungen wie Coaching von F\u00fchrungspersonen, Workshops, Seminare und Krisen-Interventionen erg\u00e4nzen unsere Produktpalette.<\/p>\n<\/div><\/section><\/p><\/div>\n<style type=\"text\/css\" data-created_by=\"avia_inline_auto\" id=\"style-css-av-9na1fs-eaf02498e840d3d9827d3ae4c36d56ce\">\n.avia_transform .flex_column.av-9na1fs-eaf02498e840d3d9827d3ae4c36d56ce{\nanimation-duration:2s;\n}\n<\/style>\n<div  class='flex_column av-9na1fs-eaf02498e840d3d9827d3ae4c36d56ce av_three_fifth  avia-builder-el-4  el_after_av_two_fifth  avia-builder-el-last  ctm-break-point no_margin flex_column_table_cell av-equal-height-column av-align-middle av-animated-generic right-to-left  '     ><style type=\"text\/css\" data-created_by=\"avia_inline_auto\" id=\"style-css-av-lygxxxru-333c575283c2c1de16d0cc253b1fef77\">\n.avia-image-container.av-lygxxxru-333c575283c2c1de16d0cc253b1fef77 img.avia_image{\nbox-shadow:none;\n}\n.avia-image-container.av-lygxxxru-333c575283c2c1de16d0cc253b1fef77 .av-image-caption-overlay-center{\ncolor:#ffffff;\n}\n<\/style>\n<div  class='avia-image-container av-lygxxxru-333c575283c2c1de16d0cc253b1fef77 av-styling- avia-align-center  avia-builder-el-5  avia-builder-el-no-sibling '   itemprop=\"image\" itemscope=\"itemscope\" itemtype=\"https:\/\/schema.org\/ImageObject\" ><div class=\"avia-image-container-inner\"><div class=\"avia-image-overlay-wrap\"><img decoding=\"async\" fetchpriority=\"high\" class='wp-image-5799 avia-img-lazy-loading-not-5799 avia_image ' src=\"\/wp-content\/uploads\/2024\/10\/Jobs.png\" alt='' title='Jobs'  height=\"903\" width=\"1280\"  itemprop=\"thumbnailUrl\" srcset=\"\/wp-content\/uploads\/2024\/10\/Jobs.png 1280w, \/wp-content\/uploads\/2024\/10\/Jobs-300x212.png 300w, \/wp-content\/uploads\/2024\/10\/Jobs-1030x727.png 1030w, \/wp-content\/uploads\/2024\/10\/Jobs-768x542.png 768w, \/wp-content\/uploads\/2024\/10\/Jobs-705x497.png 705w, \/wp-content\/uploads\/2024\/10\/Jobs-450x317.png 450w, \/wp-content\/uploads\/2024\/10\/Jobs-600x423.png 600w\" sizes=\"(max-width: 1280px) 100vw, 1280px\" \/><\/div><\/div><\/div><\/div><\/div><!--close column table wrapper. Autoclose: 1 -->\n\n<\/div><\/div><\/main><!-- close content main element --><\/div><\/div>\n<style type=\"text\/css\" data-created_by=\"avia_inline_auto\" id=\"style-css-av-lygy8p8a-885ac463fdcd66be10cb41c0d193972a\">\n.avia-section.av-lygy8p8a-885ac463fdcd66be10cb41c0d193972a{\nbackground-color:#ffffff;\nbackground-image:unset;\n}\n<\/style>\n<div id='av_section_2'  class='avia-section av-lygy8p8a-885ac463fdcd66be10cb41c0d193972a main_color avia-section-large avia-no-border-styling  avia-builder-el-6  el_after_av_section  el_before_av_one_full  ctm-break-point-ct avia-bg-style-scroll container_wrap fullsize'  ><div class='container av-section-cont-open' ><div class='template-page content  av-content-full alpha units'><div class='post-entry post-entry-type-page post-entry-521'><div class='entry-content-wrapper clearfix'>\n<div class='flex_column_table av-d0rbpk-b1e90bc31065d1515a01229110a21bf7 sc-av_one_full av-equal-height-column-flextable'><div  class='flex_column av-d0rbpk-b1e90bc31065d1515a01229110a21bf7 av_one_full  avia-builder-el-7  el_before_av_hr  avia-builder-el-first  first flex_column_table_cell av-equal-height-column av-align-middle  '     ><style type=\"text\/css\" data-created_by=\"avia_inline_auto\" id=\"style-css-av-m16n88z7-e2d1cf0862e93345e2f6d785376e7655\">\n#top .av_textblock_section.av-m16n88z7-e2d1cf0862e93345e2f6d785376e7655 .avia_textblock{\ntext-align:left;\n}\n<\/style>\n<section  class='av_textblock_section av-m16n88z7-e2d1cf0862e93345e2f6d785376e7655 '   itemscope=\"itemscope\" itemtype=\"https:\/\/schema.org\/CreativeWork\" ><div class='avia_textblock'  itemprop=\"text\" ><p>Lyra bietet in denjenigen F\u00e4llen, in denen es angebracht und erw\u00fcnscht ist, innert wenigen Tagen und am Standort des Kunden eine pers\u00f6nliche psychologische Beurteilung und eine zeitlich begrenzte Krisen- oder Kurzzeitintervention. Nach einer Standortbestimmung erfolgt, wenn angezeigt, eine \u00dcberweisung an einen entsprechenden Spezialisten.<\/p>\n<p>Im Zuge unseres europaweiten Wachstums suchen wir laufend zur Erweiterung unseres Berater:innen-Netzwerks <span style=\"font-weight: 400;\">in der Schweiz, in Deutschland, \u00d6sterreich, Frankreich, Luxemburg und Italien<\/span> freischaffende<\/p>\n<p><strong>Psychologische Psychotherapeut:innen und Psycholog:innen f\u00fcr gelegentliche Kurzzeitberatungen und Coachings in ihren Praxen<\/strong><\/p>\n<p>Falls Sie interessiert sind, senden Sie uns Ihre Bewerbung inklusive:<\/p>\n<\/div><\/section><\/div><\/div><!--close column table wrapper. Autoclose: 1 -->\n<style type=\"text\/css\" data-created_by=\"avia_inline_auto\" id=\"style-css-av-k73k1-be85b5c9954e5d75724ec57c8e0d16c0\">\n#top .hr.hr-invisible.av-k73k1-be85b5c9954e5d75724ec57c8e0d16c0{\nheight:20px;\n}\n<\/style>\n<div  class='hr av-k73k1-be85b5c9954e5d75724ec57c8e0d16c0 hr-invisible  avia-builder-el-9  el_after_av_one_full  el_before_av_one_half '><span class='hr-inner '><span class=\"hr-inner-style\"><\/span><\/span><\/div>\n<div  class='flex_column av-7atwzs-cd7ae5a0ac275ab93f06f4db802c3cc4 av_one_half  avia-builder-el-10  el_after_av_hr  el_before_av_one_half  ctm-break-point first flex_column_div  '     ><style type=\"text\/css\" data-created_by=\"avia_inline_auto\" id=\"style-css-av-lygyage6-c9296db3a4b274f9af2fd66e3b5292c2\">\n#top .avia-icon-list-container.av-lygyage6-c9296db3a4b274f9af2fd66e3b5292c2 .iconlist_icon{\ncolor:#017a8f;\n}\n<\/style>\n<div  class='avia-icon-list-container av-lygyage6-c9296db3a4b274f9af2fd66e3b5292c2  avia-builder-el-11  avia-builder-el-no-sibling '><ul class='avia-icon-list avia_animate_when_almost_visible avia-icon-list-left av-iconlist-big av-lygyage6-c9296db3a4b274f9af2fd66e3b5292c2 avia-iconlist-animate'>\n<li><div class='iconlist_icon av-lygya0cn-d048b9d30ecdc308604d2578847f36ee avia-font-ndicas'><span class='iconlist-char' aria-hidden='true' data-av_icon='\ue800' data-av_iconfont='ndicas'><\/span><\/div><article class=\"article-icon-entry \"  itemscope=\"itemscope\" itemtype=\"https:\/\/schema.org\/CreativeWork\" ><div class=\"iconlist_content_wrap\"><header class=\"entry-content-header\"><\/header><div class='iconlist_content '  itemprop=\"text\" ><p><strong>Lebenslauf <\/strong>(CV) <strong>mit Foto<\/strong><\/p>\n<\/div><\/div><footer class=\"entry-footer\"><\/footer><\/article><div class=\"iconlist-timeline\"><\/div><\/li>\n<li><div class='iconlist_icon av-lygyaflm-d8f1c93cbf86f5c36b18c398a0817a2a avia-font-ndicas'><span class='iconlist-char' aria-hidden='true' data-av_icon='\ue800' data-av_iconfont='ndicas'><\/span><\/div><article class=\"article-icon-entry \"  itemscope=\"itemscope\" itemtype=\"https:\/\/schema.org\/CreativeWork\" ><div class=\"iconlist_content_wrap\"><header class=\"entry-content-header\"><\/header><div class='iconlist_content '  itemprop=\"text\" ><p><strong>Masterabschluss<\/strong> in Psychologie<\/p>\n<\/div><\/div><footer class=\"entry-footer\"><\/footer><\/article><div class=\"iconlist-timeline\"><\/div><\/li>\n<li><div class='iconlist_icon av-lygyaflm-4-cc6ce676ffb95808d5164a464dc26a80 avia-font-ndicas'><span class='iconlist-char' aria-hidden='true' data-av_icon='\ue800' data-av_iconfont='ndicas'><\/span><\/div><article class=\"article-icon-entry \"  itemscope=\"itemscope\" itemtype=\"https:\/\/schema.org\/CreativeWork\" ><div class=\"iconlist_content_wrap\"><header class=\"entry-content-header\"><\/header><div class='iconlist_content '  itemprop=\"text\" ><p><strong>Erfahrung<\/strong> in der psychologischen Kurzzeitberatung<\/p>\n<\/div><\/div><footer class=\"entry-footer\"><\/footer><\/article><div class=\"iconlist-timeline\"><\/div><\/li>\n<\/ul><\/div><\/div><div  class='flex_column av-43yjjc-0fddcc9dc8e529e4ccabd8ccebfc3d66 av_one_half  avia-builder-el-12  el_after_av_one_half  avia-builder-el-last  flex_column_div  '     ><style type=\"text\/css\" data-created_by=\"avia_inline_auto\" id=\"style-css-av-lygyarwx-f2f98f598399f71b68d47b4e96fe2cd4\">\n#top .avia-icon-list-container.av-lygyarwx-f2f98f598399f71b68d47b4e96fe2cd4 .iconlist_icon{\ncolor:#017a8f;\n}\n<\/style>\n<div  class='avia-icon-list-container av-lygyarwx-f2f98f598399f71b68d47b4e96fe2cd4  avia-builder-el-13  avia-builder-el-no-sibling '><ul class='avia-icon-list avia_animate_when_almost_visible avia-icon-list-left av-iconlist-big av-lygyarwx-f2f98f598399f71b68d47b4e96fe2cd4 avia-iconlist-animate'>\n<li><div class='iconlist_icon av-lygyaned-2f40d54a3436bb2b791f51a3abea7125 avia-font-ndicas'><span class='iconlist-char' aria-hidden='true' data-av_icon='\ue800' data-av_iconfont='ndicas'><\/span><\/div><article class=\"article-icon-entry \"  itemscope=\"itemscope\" itemtype=\"https:\/\/schema.org\/CreativeWork\" ><div class=\"iconlist_content_wrap\"><header class=\"entry-content-header\"><\/header><div class='iconlist_content '  itemprop=\"text\" ><p>Nachweis \u00fcber abgeschlossene <strong>Berufshaftpflichtversicherung<\/strong> (Deckung 1,5 Mio \u20ac)<\/p>\n<\/div><\/div><footer class=\"entry-footer\"><\/footer><\/article><div class=\"iconlist-timeline\"><\/div><\/li>\n<li><div class='iconlist_icon av-lygyar2e-a3d4d85b05b0ddb3285a49704c50eb1d avia-font-ndicas'><span class='iconlist-char' aria-hidden='true' data-av_icon='\ue800' data-av_iconfont='ndicas'><\/span><\/div><article class=\"article-icon-entry \"  itemscope=\"itemscope\" itemtype=\"https:\/\/schema.org\/CreativeWork\" ><div class=\"iconlist_content_wrap\"><header class=\"entry-content-header\"><\/header><div class='iconlist_content '  itemprop=\"text\" ><p>Nachweis \u00fcber regelm\u00e4ssige <strong>Supervisionen<\/strong><\/p>\n<\/div><\/div><footer class=\"entry-footer\"><\/footer><\/article><div class=\"iconlist-timeline\"><\/div><\/li>\n<li><div class='iconlist_icon av-lygyar2e-3-e2d5094625d565eb061580e15571935d avia-font-ndicas'><span class='iconlist-char' aria-hidden='true' data-av_icon='\ue800' data-av_iconfont='ndicas'><\/span><\/div><article class=\"article-icon-entry \"  itemscope=\"itemscope\" itemtype=\"https:\/\/schema.org\/CreativeWork\" ><div class=\"iconlist_content_wrap\"><header class=\"entry-content-header\"><\/header><div class='iconlist_content '  itemprop=\"text\" ><p>Empfehlungsschreiben \/ Arbeitszeugnisse<\/p>\n<\/div><\/div><footer class=\"entry-footer\"><\/footer><\/article><div class=\"iconlist-timeline\"><\/div><\/li>\n<\/ul><\/div><\/div>\n<\/div><\/div><\/div><!-- close content main div --><\/div><\/div><div id='after_section_2'  class='main_color av_default_container_wrap container_wrap fullsize'  ><div class='container av-section-cont-open' ><div class='template-page content  av-content-full alpha units'><div class='post-entry post-entry-type-page post-entry-521'><div class='entry-content-wrapper clearfix'>\n<div class='flex_column_table av-emjnd-738873649592c1453e0fbeb8b60ed4c2 sc-av_one_full av-equal-height-column-flextable'><div  class='flex_column av-emjnd-738873649592c1453e0fbeb8b60ed4c2 av_one_full  avia-builder-el-14  el_after_av_section  avia-builder-el-no-sibling  first flex_column_table_cell av-equal-height-column av-align-middle  '     ><style type=\"text\/css\" data-created_by=\"avia_inline_auto\" id=\"style-css-av-lygy942i-6a1562d19aa44df4f24ee7fed766826c\">\n#top .av_textblock_section.av-lygy942i-6a1562d19aa44df4f24ee7fed766826c .avia_textblock{\ntext-align:left;\n}\n<\/style>\n<section  class='av_textblock_section av-lygy942i-6a1562d19aa44df4f24ee7fed766826c '   itemscope=\"itemscope\" itemtype=\"https:\/\/schema.org\/CreativeWork\" ><div class='avia_textblock'  itemprop=\"text\" ><article class=\"article-icon-entry \">\n<div class=\"iconlist_content_wrap\">\n<div class=\"iconlist_content \">\n<p><a href=\"mailto:jobs.eu@lyrahealth.com\">jobs.eu@lyrahealth.com<\/a><\/p>\n<\/div>\n<\/div>\n<footer class=\"entry-footer\"><\/footer>\n<\/article>\n<div class=\"iconlist-timeline\"><strong>F\u00fcr telefonische Ausk\u00fcnfte:<br \/>\n<\/strong><a href=\"tel:+35226196564\">+352 26 19 65 64<\/a><\/div>\n<\/div><\/section><br \/>\n\n<style type=\"text\/css\" data-created_by=\"avia_inline_auto\" id=\"style-css-av-m9jrcd2y-cb5e0af361e1843a7bd84c12b32b16d2\">\n#top .hr.hr-invisible.av-m9jrcd2y-cb5e0af361e1843a7bd84c12b32b16d2{\nheight:20px;\n}\n<\/style>\n<div  class='hr av-m9jrcd2y-cb5e0af361e1843a7bd84c12b32b16d2 hr-invisible  avia-builder-el-16  el_after_av_textblock  el_before_av_button '><span class='hr-inner '><span class=\"hr-inner-style\"><\/span><\/span><\/div><br \/>\n<div  class='avia-button-wrap av-70bqh-07bc0e9f0064f5c0f0af6932f3dc038d-wrap avia-button-left  avia-builder-el-17  el_after_av_hr  avia-builder-el-last '>\n<style type=\"text\/css\" data-created_by=\"avia_inline_auto\" id=\"style-css-av-70bqh-07bc0e9f0064f5c0f0af6932f3dc038d\">\n#top #wrap_all .avia-button.av-70bqh-07bc0e9f0064f5c0f0af6932f3dc038d{\nborder-radius:100px 100px 100px 100px;\ntransition:all 0.4s ease-in-out;\nmargin:0 0 0 0;\n}\n#top #wrap_all.avia-button.av-70bqh-07bc0e9f0064f5c0f0af6932f3dc038d:hover .avia_button_background{\nborder-radius:100px 100px 100px 100px;\n}\n<\/style>\n<a href='https:\/\/lyrawellbeing.lu\/wp-content\/uploads\/2022\/12\/Jobs_Affiliate_LUXD.pdf' class='avia-button av-70bqh-07bc0e9f0064f5c0f0af6932f3dc038d av-link-btn avia-icon_select-yes-right-icon avia-size-large avia-position-left avia-color-theme-color' target=\"_blank\" rel=\"noopener noreferrer\"><span class='avia_iconbox_title' >Download Stellenanzeige<\/span><span class='avia_button_icon avia_button_icon_right' aria-hidden='true' data-av_icon='\ue875' data-av_iconfont='entypo-fontello'><\/span><\/a><\/div><\/p><\/div><\/div><!--close column table wrapper. Autoclose: 1 -->\n","protected":false},"excerpt":{"rendered":"","protected":false},"author":5,"featured_media":0,"parent":0,"menu_order":0,"comment_status":"closed","ping_status":"closed","template":"","meta":{"footnotes":""},"class_list":["post-521","page","type-page","status-publish","hentry"],"yoast_head":"<!-- This site is optimized with the Yoast SEO plugin v25.8 - https:\/\/yoast.com\/wordpress\/plugins\/seo\/ -->\n<title>Betriebliche Gesundheitsf\u00f6rderung mit EAP | Lyra Luxembourg<\/title>\n<meta name=\"description\" content=\"Betriebliche Gesundheitsf\u00f6rderung in der Schweiz. EAP Service von Lyra f\u00fcr externe Mitarbeiterberatung, Krisenintervention &amp; Sozialberatung.\" \/>\n<meta name=\"robots\" content=\"index, follow, max-snippet:-1, max-image-preview:large, max-video-preview:-1\" \/>\n<link rel=\"canonical\" href=\"https:\/\/lyrawellbeing.lu\/de\/employee-assistance-program-jobs\/\" \/>\n<meta property=\"og:locale\" content=\"de_DE\" \/>\n<meta property=\"og:type\" content=\"article\" \/>\n<meta property=\"og:title\" content=\"Betriebliche Gesundheitsf\u00f6rderung mit EAP | Lyra Luxembourg\" \/>\n<meta property=\"og:description\" content=\"Betriebliche Gesundheitsf\u00f6rderung in der Schweiz. EAP Service von Lyra f\u00fcr externe Mitarbeiterberatung, Krisenintervention &amp; Sozialberatung.\" \/>\n<meta property=\"og:url\" content=\"https:\/\/lyrawellbeing.lu\/de\/employee-assistance-program-jobs\/\" \/>\n<meta property=\"og:site_name\" content=\"Lyra Luxembourg\" \/>\n<meta property=\"article:modified_time\" content=\"2025-10-02T07:48:51+00:00\" \/>\n<meta name=\"twitter:card\" content=\"summary_large_image\" \/>\n<meta name=\"twitter:label1\" content=\"Gesch\u00e4tzte Lesezeit\" \/>\n\t<meta name=\"twitter:data1\" content=\"2\u00a0Minuten\" \/>\n<script type=\"application\/ld+json\" class=\"yoast-schema-graph\">{\"@context\":\"https:\/\/schema.org\",\"@graph\":[{\"@type\":\"WebPage\",\"@id\":\"https:\/\/lyrawellbeing.lu\/de\/employee-assistance-program-jobs\/\",\"url\":\"https:\/\/lyrawellbeing.lu\/de\/employee-assistance-program-jobs\/\",\"name\":\"Betriebliche Gesundheitsf\u00f6rderung mit EAP | Lyra Luxembourg\",\"isPartOf\":{\"@id\":\"https:\/\/lyrawellbeing.lu\/de\/#website\"},\"datePublished\":\"2019-06-20T03:50:57+00:00\",\"dateModified\":\"2025-10-02T07:48:51+00:00\",\"description\":\"Betriebliche Gesundheitsf\u00f6rderung in der Schweiz. EAP Service von Lyra f\u00fcr externe Mitarbeiterberatung, Krisenintervention & Sozialberatung.\",\"breadcrumb\":{\"@id\":\"https:\/\/lyrawellbeing.lu\/de\/employee-assistance-program-jobs\/#breadcrumb\"},\"inLanguage\":\"de\",\"potentialAction\":[{\"@type\":\"ReadAction\",\"target\":[\"https:\/\/lyrawellbeing.lu\/de\/employee-assistance-program-jobs\/\"]}]},{\"@type\":\"BreadcrumbList\",\"@id\":\"https:\/\/lyrawellbeing.lu\/de\/employee-assistance-program-jobs\/#breadcrumb\",\"itemListElement\":[{\"@type\":\"ListItem\",\"position\":1,\"name\":\"Home\",\"item\":\"https:\/\/lyrawellbeing.lu\/de\/externe-mitarbeiterberatung\/\"},{\"@type\":\"ListItem\",\"position\":2,\"name\":\"Jobs\"}]},{\"@type\":\"WebSite\",\"@id\":\"https:\/\/lyrawellbeing.lu\/de\/#website\",\"url\":\"https:\/\/lyrawellbeing.lu\/de\/\",\"name\":\"Lyra Luxembourg\",\"description\":\"\",\"publisher\":{\"@id\":\"https:\/\/lyrawellbeing.lu\/de\/#organization\"},\"potentialAction\":[{\"@type\":\"SearchAction\",\"target\":{\"@type\":\"EntryPoint\",\"urlTemplate\":\"https:\/\/lyrawellbeing.lu\/de\/?s={search_term_string}\"},\"query-input\":{\"@type\":\"PropertyValueSpecification\",\"valueRequired\":true,\"valueName\":\"search_term_string\"}}],\"inLanguage\":\"de\"},{\"@type\":\"Organization\",\"@id\":\"https:\/\/lyrawellbeing.lu\/de\/#organization\",\"name\":\"Lyra Luxembourg\",\"url\":\"https:\/\/lyrawellbeing.lu\/de\/\",\"logo\":{\"@type\":\"ImageObject\",\"inLanguage\":\"de\",\"@id\":\"https:\/\/lyrawellbeing.lu\/de\/#\/schema\/logo\/image\/\",\"url\":\"\/wp-content\/uploads\/2025\/07\/LyraLuxembourg_Teal_340x156px.png\",\"contentUrl\":\"\/wp-content\/uploads\/2025\/07\/LyraLuxembourg_Teal_340x156px.png\",\"width\":1360,\"height\":624,\"caption\":\"Lyra Luxembourg\"},\"image\":{\"@id\":\"https:\/\/lyrawellbeing.lu\/de\/#\/schema\/logo\/image\/\"}}]}<\/script>\n<!-- \/ Yoast SEO plugin. -->","yoast_head_json":{"title":"Betriebliche Gesundheitsf\u00f6rderung mit EAP | Lyra Luxembourg","description":"Betriebliche Gesundheitsf\u00f6rderung in der Schweiz. EAP Service von Lyra f\u00fcr externe Mitarbeiterberatung, Krisenintervention & Sozialberatung.","robots":{"index":"index","follow":"follow","max-snippet":"max-snippet:-1","max-image-preview":"max-image-preview:large","max-video-preview":"max-video-preview:-1"},"canonical":"https:\/\/lyrawellbeing.lu\/de\/employee-assistance-program-jobs\/","og_locale":"de_DE","og_type":"article","og_title":"Betriebliche Gesundheitsf\u00f6rderung mit EAP | Lyra Luxembourg","og_description":"Betriebliche Gesundheitsf\u00f6rderung in der Schweiz. EAP Service von Lyra f\u00fcr externe Mitarbeiterberatung, Krisenintervention & Sozialberatung.","og_url":"https:\/\/lyrawellbeing.lu\/de\/employee-assistance-program-jobs\/","og_site_name":"Lyra Luxembourg","article_modified_time":"2025-10-02T07:48:51+00:00","twitter_card":"summary_large_image","twitter_misc":{"Gesch\u00e4tzte Lesezeit":"2\u00a0Minuten"},"schema":{"@context":"https:\/\/schema.org","@graph":[{"@type":"WebPage","@id":"https:\/\/lyrawellbeing.lu\/de\/employee-assistance-program-jobs\/","url":"https:\/\/lyrawellbeing.lu\/de\/employee-assistance-program-jobs\/","name":"Betriebliche Gesundheitsf\u00f6rderung mit EAP | Lyra Luxembourg","isPartOf":{"@id":"https:\/\/lyrawellbeing.lu\/de\/#website"},"datePublished":"2019-06-20T03:50:57+00:00","dateModified":"2025-10-02T07:48:51+00:00","description":"Betriebliche Gesundheitsf\u00f6rderung in der Schweiz. EAP Service von Lyra f\u00fcr externe Mitarbeiterberatung, Krisenintervention & Sozialberatung.","breadcrumb":{"@id":"https:\/\/lyrawellbeing.lu\/de\/employee-assistance-program-jobs\/#breadcrumb"},"inLanguage":"de","potentialAction":[{"@type":"ReadAction","target":["https:\/\/lyrawellbeing.lu\/de\/employee-assistance-program-jobs\/"]}]},{"@type":"BreadcrumbList","@id":"https:\/\/lyrawellbeing.lu\/de\/employee-assistance-program-jobs\/#breadcrumb","itemListElement":[{"@type":"ListItem","position":1,"name":"Home","item":"https:\/\/lyrawellbeing.lu\/de\/externe-mitarbeiterberatung\/"},{"@type":"ListItem","position":2,"name":"Jobs"}]},{"@type":"WebSite","@id":"https:\/\/lyrawellbeing.lu\/de\/#website","url":"https:\/\/lyrawellbeing.lu\/de\/","name":"Lyra Luxembourg","description":"","publisher":{"@id":"https:\/\/lyrawellbeing.lu\/de\/#organization"},"potentialAction":[{"@type":"SearchAction","target":{"@type":"EntryPoint","urlTemplate":"https:\/\/lyrawellbeing.lu\/de\/?s={search_term_string}"},"query-input":{"@type":"PropertyValueSpecification","valueRequired":true,"valueName":"search_term_string"}}],"inLanguage":"de"},{"@type":"Organization","@id":"https:\/\/lyrawellbeing.lu\/de\/#organization","name":"Lyra Luxembourg","url":"https:\/\/lyrawellbeing.lu\/de\/","logo":{"@type":"ImageObject","inLanguage":"de","@id":"https:\/\/lyrawellbeing.lu\/de\/#\/schema\/logo\/image\/","url":"\/wp-content\/uploads\/2025\/07\/LyraLuxembourg_Teal_340x156px.png","contentUrl":"\/wp-content\/uploads\/2025\/07\/LyraLuxembourg_Teal_340x156px.png","width":1360,"height":624,"caption":"Lyra Luxembourg"},"image":{"@id":"https:\/\/lyrawellbeing.lu\/de\/#\/schema\/logo\/image\/"}}]}},"_links":{"self":[{"href":"https:\/\/lyrawellbeing.lu\/de\/wp-json\/wp\/v2\/pages\/521"}],"collection":[{"href":"https:\/\/lyrawellbeing.lu\/de\/wp-json\/wp\/v2\/pages"}],"about":[{"href":"https:\/\/lyrawellbeing.lu\/de\/wp-json\/wp\/v2\/types\/page"}],"author":[{"embeddable":true,"href":"https:\/\/lyrawellbeing.lu\/de\/wp-json\/wp\/v2\/users\/5"}],"replies":[{"embeddable":true,"href":"https:\/\/lyrawellbeing.lu\/de\/wp-json\/wp\/v2\/comments?post=521"}],"version-history":[{"count":17,"href":"https:\/\/lyrawellbeing.lu\/de\/wp-json\/wp\/v2\/pages\/521\/revisions"}],"predecessor-version":[{"id":6650,"href":"https:\/\/lyrawellbeing.lu\/de\/wp-json\/wp\/v2\/pages\/521\/revisions\/6650"}],"wp:attachment":[{"href":"https:\/\/lyrawellbeing.lu\/de\/wp-json\/wp\/v2\/media?parent=521"}],"curies":[{"name":"wp","href":"https:\/\/api.w.org\/{rel}","templated":true}]}}