{"id":952,"date":"2019-07-18T14:21:59","date_gmt":"2019-07-18T12:21:59","guid":{"rendered":"https:\/\/lyrawellbeinglu-a7f6fwfwehh3g7fu.switzerlandnorth-01.azurewebsites.net\/revocation\/"},"modified":"2025-10-02T09:45:49","modified_gmt":"2025-10-02T07:45:49","slug":"widerrufsbelehrung","status":"publish","type":"page","link":"https:\/\/lyrawellbeing.lu\/de\/widerrufsbelehrung\/","title":{"rendered":"Widerrufsbelehrung"},"content":{"rendered":"\n<style type=\"text\/css\" data-created_by=\"avia_inline_auto\" id=\"style-css-av-jvx5oxmt-3ffc9e523711537c646bcceda5450434\">\n.avia-section.av-jvx5oxmt-3ffc9e523711537c646bcceda5450434 .av-section-color-overlay{\nopacity:0.3;\nbackground-color:#212121;\n}\n<\/style>\n<div id='av_section_1'  class='avia-section av-jvx5oxmt-3ffc9e523711537c646bcceda5450434 main_color avia-section-default avia-no-border-styling  avia-builder-el-0  el_before_av_section  avia-builder-el-first  sub-hero hide-tablet avia-bg-style-scroll av-section-color-overlay-active av-minimum-height av-minimum-height-50 av-height-50  container_wrap fullsize'   data-av_minimum_height_pc='50' data-av_min_height_opt='50'><div class=\"av-section-color-overlay-wrap\"><div class=\"av-section-color-overlay\"><\/div><div class='container av-section-cont-open' ><main  role=\"main\" itemprop=\"mainContentOfPage\"  class='template-page content  av-content-full alpha units'><div class='post-entry post-entry-type-page post-entry-952'><div class='entry-content-wrapper clearfix'>\n\n<style type=\"text\/css\" data-created_by=\"avia_inline_auto\" id=\"style-css-av-dgqsb-bd15304e66f2bb5b7491d51e648f440e\">\n.flex_column.av-dgqsb-bd15304e66f2bb5b7491d51e648f440e{\nborder-radius:0px 0px 0px 0px;\npadding:0px 0px 0px 0px;\n}\n<\/style>\n<div  class='flex_column av-dgqsb-bd15304e66f2bb5b7491d51e648f440e av_one_full  avia-builder-el-1  el_before_av_two_third  avia-builder-el-first  first av-break-at-tablet flex_column_div av-zero-column-padding  '     ><style type=\"text\/css\" data-created_by=\"avia_inline_auto\" id=\"style-css-av-jy8q2dvt-487ec632efec8c0affd34f890a5c1e5e\">\n#top .av-special-heading.av-jy8q2dvt-487ec632efec8c0affd34f890a5c1e5e{\npadding-bottom:10px;\ncolor:#ffffff;\nfont-size:55px;\n}\nbody .av-special-heading.av-jy8q2dvt-487ec632efec8c0affd34f890a5c1e5e .av-special-heading-tag .heading-char{\nfont-size:25px;\n}\n#top #wrap_all .av-special-heading.av-jy8q2dvt-487ec632efec8c0affd34f890a5c1e5e .av-special-heading-tag{\nfont-size:55px;\n}\n.av-special-heading.av-jy8q2dvt-487ec632efec8c0affd34f890a5c1e5e .special-heading-inner-border{\nborder-color:#ffffff;\n}\n.av-special-heading.av-jy8q2dvt-487ec632efec8c0affd34f890a5c1e5e .av-subheading{\nfont-size:15px;\n}\n\n@media only screen and (min-width: 768px) and (max-width: 989px){ \n#top #wrap_all .av-special-heading.av-jy8q2dvt-487ec632efec8c0affd34f890a5c1e5e .av-special-heading-tag{\nfont-size:35px;\n}\n}\n\n@media only screen and (min-width: 480px) and (max-width: 767px){ \n#top #wrap_all .av-special-heading.av-jy8q2dvt-487ec632efec8c0affd34f890a5c1e5e .av-special-heading-tag{\nfont-size:35px;\n}\n}\n\n@media only screen and (max-width: 479px){ \n#top #wrap_all .av-special-heading.av-jy8q2dvt-487ec632efec8c0affd34f890a5c1e5e .av-special-heading-tag{\nfont-size:35px;\n}\n}\n<\/style>\n<div  class='av-special-heading av-jy8q2dvt-487ec632efec8c0affd34f890a5c1e5e av-special-heading-h1 custom-color-heading blockquote modern-quote  avia-builder-el-2  avia-builder-el-no-sibling  av-inherit-size'><h1 class='av-special-heading-tag'  itemprop=\"headline\"  >Widerrufsbelehrung<\/h1><div class=\"special-heading-border\"><div class=\"special-heading-inner-border\"><\/div><\/div><\/div><\/div>\n<style type=\"text\/css\" data-created_by=\"avia_inline_auto\" id=\"style-css-av-93917-284b32ec503ed8f1ad50ae3010c5941b\">\n#top .flex_column.av-93917-284b32ec503ed8f1ad50ae3010c5941b{\nmargin-top:-550px;\nmargin-bottom:-134px;\n}\n.flex_column.av-93917-284b32ec503ed8f1ad50ae3010c5941b{\nborder-radius:0px 0px 0px 0px;\npadding:0px 0px 0px 0px;\n}\n.responsive #top #wrap_all .flex_column.av-93917-284b32ec503ed8f1ad50ae3010c5941b{\nmargin-top:-550px;\nmargin-bottom:-134px;\n}\n<\/style>\n<div  class='flex_column av-93917-284b32ec503ed8f1ad50ae3010c5941b av_two_third  avia-builder-el-3  el_after_av_one_full  el_before_av_one_third  hide-tablet first flex_column_div av-hide-on-mobile av-zero-column-padding  column-top-margin'     ><section  class='av_textblock_section av-jvyi5nvi-36883857f160224b80ba34a71b7f824f '   itemscope=\"itemscope\" itemtype=\"https:\/\/schema.org\/CreativeWork\" ><div class='avia_textblock'  itemprop=\"text\" ><\/div><\/section><\/div>\n<style type=\"text\/css\" data-created_by=\"avia_inline_auto\" id=\"style-css-av-oas6-c4f13981f907a27d3a2cc87c43b3ae19\">\n#top .flex_column.av-oas6-c4f13981f907a27d3a2cc87c43b3ae19{\nmargin-top:-550px;\nmargin-bottom:-134px;\n}\n.flex_column.av-oas6-c4f13981f907a27d3a2cc87c43b3ae19{\nborder-radius:0px 0px 0px 0px;\npadding:0px 0px 0px 0px;\n}\n.responsive #top #wrap_all .flex_column.av-oas6-c4f13981f907a27d3a2cc87c43b3ae19{\nmargin-top:-550px;\nmargin-bottom:-134px;\n}\n<\/style>\n<div  class='flex_column av-oas6-c4f13981f907a27d3a2cc87c43b3ae19 av_one_third  avia-builder-el-5  el_after_av_two_third  avia-builder-el-last  color-box hide-tablet flex_column_div av-animated-generic bottom-to-top av-hide-on-mobile av-zero-column-padding  column-top-margin'     ><div  class='avia-slideshow av-jvvqg6d9-596203c22a55c3d20aa71f768881cd8e avia-slideshow-no scaling av_slideshow avia-slide_up-slider  avia-builder-el-6  avia-builder-el-no-sibling  av-medium-hide av-small-hide av-mini-hide av-slideshow-ui av-control-hidden av-no-slider-navigation av-hide-nav-arrows av-slideshow-autoplay av-loop-endless av-loop-manual-endless avia-slideshow-1' data-slideshow-options=\"{&quot;animation&quot;:&quot;slide_up&quot;,&quot;autoplay&quot;:true,&quot;loop_autoplay&quot;:&quot;endless&quot;,&quot;interval&quot;:5,&quot;loop_manual&quot;:&quot;manual-endless&quot;,&quot;autoplay_stopper&quot;:false,&quot;noNavigation&quot;:true,&quot;bg_slider&quot;:false,&quot;keep_padding&quot;:false,&quot;hoverpause&quot;:false,&quot;show_slide_delay&quot;:0}\"  itemprop=\"image\" itemscope=\"itemscope\" itemtype=\"https:\/\/schema.org\/ImageObject\" ><ul class='avia-slideshow-inner ' ><\/ul><\/div><\/div>\n\n<\/div><\/div><\/main><!-- close content main element --><\/div><\/div><\/div><div id='av_section_2'  class='avia-section av-162fy-dac58a78ed6635b0558a68f501373063 main_color avia-section-huge avia-no-border-styling  avia-builder-el-7  el_after_av_section  avia-builder-el-last  avia-bg-style-scroll container_wrap fullsize'  ><div class='container av-section-cont-open' ><div class='template-page content  av-content-full alpha units'><div class='post-entry post-entry-type-page post-entry-952'><div class='entry-content-wrapper clearfix'>\n<div class='flex_column_table av-51gvu-4c25b754d21ac22229d958f326077642 sc-av_one_full av-equal-height-column-flextable'>\n<style type=\"text\/css\" data-created_by=\"avia_inline_auto\" id=\"style-css-av-51gvu-4c25b754d21ac22229d958f326077642\">\n.flex_column.av-51gvu-4c25b754d21ac22229d958f326077642{\nborder-radius:0px 0px 0px 0px;\npadding:0px 0px 0px 0px;\n}\n<\/style>\n<div  class='flex_column av-51gvu-4c25b754d21ac22229d958f326077642 av_one_full  avia-builder-el-8  el_before_av_one_full  avia-builder-el-first  custom-linear-box first flex_column_table_cell av-equal-height-column av-align-middle av-animated-generic bottom-to-top av-zero-column-padding avia-full-contain  '     ><p>\n<style type=\"text\/css\" data-created_by=\"avia_inline_auto\" id=\"style-css-av-g4rdc-e333fe17f1cb82fbfccf2ed8b7457ed5\">\n#top .av-special-heading.av-g4rdc-e333fe17f1cb82fbfccf2ed8b7457ed5{\npadding-bottom:10px;\nfont-size:50px;\n}\nbody .av-special-heading.av-g4rdc-e333fe17f1cb82fbfccf2ed8b7457ed5 .av-special-heading-tag .heading-char{\nfont-size:25px;\n}\n#top #wrap_all .av-special-heading.av-g4rdc-e333fe17f1cb82fbfccf2ed8b7457ed5 .av-special-heading-tag{\nfont-size:50px;\n}\n.av-special-heading.av-g4rdc-e333fe17f1cb82fbfccf2ed8b7457ed5 .av-subheading{\nfont-size:15px;\n}\n\n@media only screen and (min-width: 768px) and (max-width: 989px){ \n#top #wrap_all .av-special-heading.av-g4rdc-e333fe17f1cb82fbfccf2ed8b7457ed5 .av-special-heading-tag{\nfont-size:30px;\n}\n}\n\n@media only screen and (min-width: 480px) and (max-width: 767px){ \n#top #wrap_all .av-special-heading.av-g4rdc-e333fe17f1cb82fbfccf2ed8b7457ed5 .av-special-heading-tag{\nfont-size:30px;\n}\n}\n\n@media only screen and (max-width: 479px){ \n#top #wrap_all .av-special-heading.av-g4rdc-e333fe17f1cb82fbfccf2ed8b7457ed5 .av-special-heading-tag{\nfont-size:30px;\n}\n}\n<\/style>\n<div  class='av-special-heading av-g4rdc-e333fe17f1cb82fbfccf2ed8b7457ed5 av-special-heading-h2 blockquote modern-quote  avia-builder-el-9  el_before_av_hr  avia-builder-el-first  av-inherit-size'><h2 class='av-special-heading-tag'  itemprop=\"headline\"  >Widerrufsbelehrung<\/h2><div class=\"special-heading-border\"><div class=\"special-heading-inner-border\"><\/div><\/div><\/div><br \/>\n\n<style type=\"text\/css\" data-created_by=\"avia_inline_auto\" id=\"style-css-av-jvvteztx-3bc7e9ae651dba3f6e4058ddf3f52507\">\n#top .hr.av-jvvteztx-3bc7e9ae651dba3f6e4058ddf3f52507{\nmargin-top:10px;\nmargin-bottom:10px;\n}\n.hr.av-jvvteztx-3bc7e9ae651dba3f6e4058ddf3f52507 .hr-inner{\nwidth:300px;\nborder-color:#0092d0;\n}\n<\/style>\n<div  class='hr av-jvvteztx-3bc7e9ae651dba3f6e4058ddf3f52507 hr-custom  avia-builder-el-10  el_after_av_heading  el_before_av_textblock  hr-left hr-icon-no'><span class='hr-inner inner-border-av-border-fat'><span class=\"hr-inner-style\"><\/span><\/span><\/div><br \/>\n<section  class='av_textblock_section av-k0pcq5os-360e16136f3b8e7aaedec33b3d8423ae '   itemscope=\"itemscope\" itemtype=\"https:\/\/schema.org\/CreativeWork\" ><div class='avia_textblock'  itemprop=\"text\" ><h3 dir=\"ltr\">Widerrufsrecht<\/h3>\n<p dir=\"ltr\">Sie haben das Recht, binnen vierzehn Tagen ohne Angabe von Gr\u00fcnden diesen Vertrag zu widerrufen. Die Widerrufsfrist betr\u00e4gt vierzehn Tage ab dem Tag des Vertragsabschlusses.<\/p>\n<p dir=\"ltr\">Um Ihr Widerrufsrecht auszu\u00fcben, m\u00fcssen Sie uns<\/p>\n<p dir=\"ltr\"><strong>Lyra International Luxembourg SARL<br \/>\n<\/strong>10, rue Nicolas Adames<br \/>\n1114 Luxembourg<br \/>\n+352 26 19 65 64<br \/>\ninfo.eu@lyrahealth.com<\/p>\n<p dir=\"ltr\">\u00fcber Ihren Entschluss, diesen Vertrag zu widerrufen, informieren. Sie k\u00f6nnen daf\u00fcr das beigef\u00fcgte Muster-Widerrufsformular verwenden, das jedoch nicht vorgeschrieben ist.<\/p>\n<p dir=\"ltr\">Zur Wahrung der Widerrufsfrist reicht es aus, dass Sie die Mitteilung \u00fcber die Aus\u00fcbung des<\/p>\n<p dir=\"ltr\">Widerrufsrechts vor Ablauf der Widerrufsfrist absenden.<\/p>\n<h3 dir=\"ltr\">Folgen des Widerrufs<\/h3>\n<p dir=\"ltr\">Wenn Sie diesen Vertrag widerrufen, haben wir Ihnen alle Zahlungen, die wir von Ihnen erhalten haben, unverz\u00fcglich und sp\u00e4testens binnen vierzehn Tagen ab dem Tag zur\u00fcckzuzahlen, an dem die Mitteilung \u00fcber Ihren Widerruf dieses Vertrags bei uns eingegangen ist. F\u00fcr diese R\u00fcckzahlung verwenden wir dasselbe Zahlungsmittel, das Sie bei der urspr\u00fcnglichen Transaktion eingesetzt haben, es sei denn, mit Ihnen wurde ausdr\u00fccklich etwas anderes vereinbart; in keinem Fall werden Ihnen wegen dieser R\u00fcckzahlung Entgelte berechnet.<\/p>\n<h3 dir=\"ltr\">Muster-Widerrufsformular<\/h3>\n<p dir=\"ltr\">(Wenn Sie den Vertrag widerrufen wollen, dann f\u00fcllen Sie bitte dieses Formular aus und senden Sie es zur\u00fcck.)<\/p>\n<p dir=\"ltr\">Bitte ausgef\u00fcllt senden an:<\/p>\n<p dir=\"ltr\"><strong>Lyra International Luxembourg SARL<br \/>\n<\/strong>10, rue Nicolas Adames<br \/>\n1114 Luxembourg<br \/>\n+352 26 19 65 64<br \/>\ninfo.eu@lyrahealth.com<\/p>\n<p dir=\"ltr\">Hiermit widerrufe(n) ich \/ wir (*) den von mir \/ uns (*) abgeschlossenen Vertrag \u00fcber den Kauf der folgenden Waren (*) \/ die Erbringung der folgenden Dienstleistung (*)<\/p>\n<p dir=\"ltr\">Bestellt am (*) \/ erhalten am (*)<\/p>\n<p dir=\"ltr\">Name des \/ der Verbraucher(s)<\/p>\n<p dir=\"ltr\">Anschrift des \/ der Verbraucher(s)<\/p>\n<p dir=\"ltr\">Unterschrift des \/ der Verbraucher(s) [nur bei Mitteilung auf Papier]<\/p>\n<p dir=\"ltr\">Datum<\/p>\n<p dir=\"ltr\">(*) Unzutreffendes streichen.<\/p>\n<\/div><\/section><\/p><\/div><\/div><!--close column table wrapper. Autoclose: 1 -->\n<style type=\"text\/css\" data-created_by=\"avia_inline_auto\" id=\"style-css-av-9ahmo-c882cb74f9b189f5522586b6603538f2\">\n.flex_column.av-9ahmo-c882cb74f9b189f5522586b6603538f2{\nborder-radius:0px 0px 0px 0px;\npadding:0px 0px 0px 0px;\n}\n<\/style>\n<div  class='flex_column av-9ahmo-c882cb74f9b189f5522586b6603538f2 av_one_full  avia-builder-el-12  el_after_av_one_full  avia-builder-el-last  first flex_column_div av-zero-column-padding  column-top-margin'     ><section  class='av_textblock_section av-k0pcx2rf-40d30962c8c29e9739d7631d2dc54870 '   itemscope=\"itemscope\" itemtype=\"https:\/\/schema.org\/CreativeWork\" ><div class='avia_textblock'  itemprop=\"text\" ><p><a href=\"https:\/\/lyrawellbeing.lu\/wp-content\/uploads\/2019\/09\/Widerrufsbelehrung-ICAS-Deutschland-GmbH.pdf\" target=\"_blank\" rel=\"noopener\">Widerrufsbelehrung herunterladen<\/a><\/p>\n<\/div><\/section><\/div>\n","protected":false},"excerpt":{"rendered":"","protected":false},"author":5,"featured_media":0,"parent":0,"menu_order":0,"comment_status":"closed","ping_status":"closed","template":"","meta":{"footnotes":""},"class_list":["post-952","page","type-page","status-publish","hentry"],"yoast_head":"<!-- This site is optimized with the Yoast SEO plugin v25.8 - https:\/\/yoast.com\/wordpress\/plugins\/seo\/ -->\n<title>Widerrufsbelehrung - Lyra Luxembourg<\/title>\n<meta name=\"robots\" content=\"index, follow, max-snippet:-1, max-image-preview:large, max-video-preview:-1\" \/>\n<link rel=\"canonical\" href=\"https:\/\/lyrawellbeing.lu\/de\/widerrufsbelehrung\/\" \/>\n<meta property=\"og:locale\" content=\"de_DE\" \/>\n<meta property=\"og:type\" content=\"article\" \/>\n<meta property=\"og:title\" content=\"Widerrufsbelehrung - Lyra Luxembourg\" \/>\n<meta property=\"og:url\" content=\"https:\/\/lyrawellbeing.lu\/de\/widerrufsbelehrung\/\" \/>\n<meta property=\"og:site_name\" content=\"Lyra Luxembourg\" \/>\n<meta property=\"article:modified_time\" content=\"2025-10-02T07:45:49+00:00\" \/>\n<meta name=\"twitter:card\" content=\"summary_large_image\" \/>\n<meta name=\"twitter:label1\" content=\"Gesch\u00e4tzte Lesezeit\" \/>\n\t<meta name=\"twitter:data1\" content=\"2\u00a0Minuten\" \/>\n<script type=\"application\/ld+json\" class=\"yoast-schema-graph\">{\"@context\":\"https:\/\/schema.org\",\"@graph\":[{\"@type\":\"WebPage\",\"@id\":\"https:\/\/lyrawellbeing.lu\/de\/widerrufsbelehrung\/\",\"url\":\"https:\/\/lyrawellbeing.lu\/de\/widerrufsbelehrung\/\",\"name\":\"Widerrufsbelehrung - Lyra Luxembourg\",\"isPartOf\":{\"@id\":\"https:\/\/lyrawellbeing.lu\/de\/#website\"},\"datePublished\":\"2019-07-18T12:21:59+00:00\",\"dateModified\":\"2025-10-02T07:45:49+00:00\",\"breadcrumb\":{\"@id\":\"https:\/\/lyrawellbeing.lu\/de\/widerrufsbelehrung\/#breadcrumb\"},\"inLanguage\":\"de\",\"potentialAction\":[{\"@type\":\"ReadAction\",\"target\":[\"https:\/\/lyrawellbeing.lu\/de\/widerrufsbelehrung\/\"]}]},{\"@type\":\"BreadcrumbList\",\"@id\":\"https:\/\/lyrawellbeing.lu\/de\/widerrufsbelehrung\/#breadcrumb\",\"itemListElement\":[{\"@type\":\"ListItem\",\"position\":1,\"name\":\"Home\",\"item\":\"https:\/\/lyrawellbeing.lu\/de\/externe-mitarbeiterberatung\/\"},{\"@type\":\"ListItem\",\"position\":2,\"name\":\"Widerrufsbelehrung\"}]},{\"@type\":\"WebSite\",\"@id\":\"https:\/\/lyrawellbeing.lu\/de\/#website\",\"url\":\"https:\/\/lyrawellbeing.lu\/de\/\",\"name\":\"Lyra Luxembourg\",\"description\":\"\",\"publisher\":{\"@id\":\"https:\/\/lyrawellbeing.lu\/de\/#organization\"},\"potentialAction\":[{\"@type\":\"SearchAction\",\"target\":{\"@type\":\"EntryPoint\",\"urlTemplate\":\"https:\/\/lyrawellbeing.lu\/de\/?s={search_term_string}\"},\"query-input\":{\"@type\":\"PropertyValueSpecification\",\"valueRequired\":true,\"valueName\":\"search_term_string\"}}],\"inLanguage\":\"de\"},{\"@type\":\"Organization\",\"@id\":\"https:\/\/lyrawellbeing.lu\/de\/#organization\",\"name\":\"Lyra Luxembourg\",\"url\":\"https:\/\/lyrawellbeing.lu\/de\/\",\"logo\":{\"@type\":\"ImageObject\",\"inLanguage\":\"de\",\"@id\":\"https:\/\/lyrawellbeing.lu\/de\/#\/schema\/logo\/image\/\",\"url\":\"\/wp-content\/uploads\/2025\/07\/LyraLuxembourg_Teal_340x156px.png\",\"contentUrl\":\"\/wp-content\/uploads\/2025\/07\/LyraLuxembourg_Teal_340x156px.png\",\"width\":1360,\"height\":624,\"caption\":\"Lyra Luxembourg\"},\"image\":{\"@id\":\"https:\/\/lyrawellbeing.lu\/de\/#\/schema\/logo\/image\/\"}}]}<\/script>\n<!-- \/ Yoast SEO plugin. -->","yoast_head_json":{"title":"Widerrufsbelehrung - Lyra Luxembourg","robots":{"index":"index","follow":"follow","max-snippet":"max-snippet:-1","max-image-preview":"max-image-preview:large","max-video-preview":"max-video-preview:-1"},"canonical":"https:\/\/lyrawellbeing.lu\/de\/widerrufsbelehrung\/","og_locale":"de_DE","og_type":"article","og_title":"Widerrufsbelehrung - Lyra Luxembourg","og_url":"https:\/\/lyrawellbeing.lu\/de\/widerrufsbelehrung\/","og_site_name":"Lyra Luxembourg","article_modified_time":"2025-10-02T07:45:49+00:00","twitter_card":"summary_large_image","twitter_misc":{"Gesch\u00e4tzte Lesezeit":"2\u00a0Minuten"},"schema":{"@context":"https:\/\/schema.org","@graph":[{"@type":"WebPage","@id":"https:\/\/lyrawellbeing.lu\/de\/widerrufsbelehrung\/","url":"https:\/\/lyrawellbeing.lu\/de\/widerrufsbelehrung\/","name":"Widerrufsbelehrung - Lyra Luxembourg","isPartOf":{"@id":"https:\/\/lyrawellbeing.lu\/de\/#website"},"datePublished":"2019-07-18T12:21:59+00:00","dateModified":"2025-10-02T07:45:49+00:00","breadcrumb":{"@id":"https:\/\/lyrawellbeing.lu\/de\/widerrufsbelehrung\/#breadcrumb"},"inLanguage":"de","potentialAction":[{"@type":"ReadAction","target":["https:\/\/lyrawellbeing.lu\/de\/widerrufsbelehrung\/"]}]},{"@type":"BreadcrumbList","@id":"https:\/\/lyrawellbeing.lu\/de\/widerrufsbelehrung\/#breadcrumb","itemListElement":[{"@type":"ListItem","position":1,"name":"Home","item":"https:\/\/lyrawellbeing.lu\/de\/externe-mitarbeiterberatung\/"},{"@type":"ListItem","position":2,"name":"Widerrufsbelehrung"}]},{"@type":"WebSite","@id":"https:\/\/lyrawellbeing.lu\/de\/#website","url":"https:\/\/lyrawellbeing.lu\/de\/","name":"Lyra Luxembourg","description":"","publisher":{"@id":"https:\/\/lyrawellbeing.lu\/de\/#organization"},"potentialAction":[{"@type":"SearchAction","target":{"@type":"EntryPoint","urlTemplate":"https:\/\/lyrawellbeing.lu\/de\/?s={search_term_string}"},"query-input":{"@type":"PropertyValueSpecification","valueRequired":true,"valueName":"search_term_string"}}],"inLanguage":"de"},{"@type":"Organization","@id":"https:\/\/lyrawellbeing.lu\/de\/#organization","name":"Lyra Luxembourg","url":"https:\/\/lyrawellbeing.lu\/de\/","logo":{"@type":"ImageObject","inLanguage":"de","@id":"https:\/\/lyrawellbeing.lu\/de\/#\/schema\/logo\/image\/","url":"\/wp-content\/uploads\/2025\/07\/LyraLuxembourg_Teal_340x156px.png","contentUrl":"\/wp-content\/uploads\/2025\/07\/LyraLuxembourg_Teal_340x156px.png","width":1360,"height":624,"caption":"Lyra Luxembourg"},"image":{"@id":"https:\/\/lyrawellbeing.lu\/de\/#\/schema\/logo\/image\/"}}]}},"_links":{"self":[{"href":"https:\/\/lyrawellbeing.lu\/de\/wp-json\/wp\/v2\/pages\/952"}],"collection":[{"href":"https:\/\/lyrawellbeing.lu\/de\/wp-json\/wp\/v2\/pages"}],"about":[{"href":"https:\/\/lyrawellbeing.lu\/de\/wp-json\/wp\/v2\/types\/page"}],"author":[{"embeddable":true,"href":"https:\/\/lyrawellbeing.lu\/de\/wp-json\/wp\/v2\/users\/5"}],"replies":[{"embeddable":true,"href":"https:\/\/lyrawellbeing.lu\/de\/wp-json\/wp\/v2\/comments?post=952"}],"version-history":[{"count":2,"href":"https:\/\/lyrawellbeing.lu\/de\/wp-json\/wp\/v2\/pages\/952\/revisions"}],"predecessor-version":[{"id":6644,"href":"https:\/\/lyrawellbeing.lu\/de\/wp-json\/wp\/v2\/pages\/952\/revisions\/6644"}],"wp:attachment":[{"href":"https:\/\/lyrawellbeing.lu\/de\/wp-json\/wp\/v2\/media?parent=952"}],"curies":[{"name":"wp","href":"https:\/\/api.w.org\/{rel}","templated":true}]}}