{"id":1310,"date":"2019-09-17T16:40:04","date_gmt":"2019-09-17T14:40:04","guid":{"rendered":"https:\/\/lyrawellbeinglu-a7f6fwfwehh3g7fu.switzerlandnorth-01.azurewebsites.net\/?post_type=product&#038;p=1310"},"modified":"2022-05-19T11:40:34","modified_gmt":"2022-05-19T09:40:34","slug":"eap-pure-budget-250-499-ma","status":"publish","type":"product","link":"https:\/\/lyrawellbeing.lu\/de\/shop\/produkte-eap-shop-line\/eap-pure-budget\/eap-pure-budget-250-499-ma\/","title":{"rendered":"EAP Pure Budget 250 &#8211; 499 Mitarbeiter"},"content":{"rendered":"","protected":false},"excerpt":{"rendered":"<p>(Preis pro Mitarbeiter\/Jahr)<\/p>\n<p>Das Online-Servicepaket f\u00fcr grosse Unternehmen erm\u00f6glicht eine schnelle und unkomplizierte Einf\u00fchrung der Mitarbeiterunterst\u00fctzung in Ihrem Betrieb. Der Zugang zur rechtlichen und psychologischen Beratung ist niederschwellig, und streng vertraulich. Nach Auswahl und Order erhalten Sie umgehend alles, was Sie zu einem sofortigen Einsatz und einer erfolgreichen Einf\u00fchrung der Services ben\u00f6tigen. Unser elektronisches Kommunikationspaket enth\u00e4lt ausf\u00fchrliche Erkl\u00e4rungen wie Brosch\u00fcren Infoposter, Erkl\u00e4rvideo, Zugang zur App usw.), damit Sie und Ihre Belegschaft die Vorteile \u201cIhres EAPs\u201d sofort nutzen k\u00f6nnen.<\/p>\n<p><strong>Das Paket beinhaltet:<\/strong><\/p>\n<ul>\n<li>7\/24 Beratung und Unterst\u00fctzung f\u00fcr emotionale und psychologische Anliegen per Telefon oder LiveChat<\/li>\n<li>Pers\u00f6nliche Beratungssitzungen in der N\u00e4he des Arbeitsortes<\/li>\n<li>Unterst\u00fctzung f\u00fcr F\u00fchrungskr\u00e4fte und HR<\/li>\n<\/ul>\n<p><a href=\"https:\/\/lyrawellbeing.lu\/wp-content\/uploads\/2019\/09\/VergleichServicepakete-1.pdf\" target=\"_blank\" rel=\"noopener noreferrer\">Vergleich Servicepakete<\/a><br \/>\n<a href=\"https:\/\/lyrawellbeing.lu\/de\/eap-anbieter-mitarbeiterberatung-agb\/\" target=\"_blank\" rel=\"noopener\">AGB\/Kaufvertrag<\/a><\/p>\n","protected":false},"featured_media":1300,"template":"","meta":[],"product_brand":[],"product_cat":[66,19],"product_tag":[64],"class_list":{"0":"post-1310","1":"product","2":"type-product","3":"status-publish","4":"has-post-thumbnail","6":"product_cat-eap-pure-budget","7":"product_cat-produkte-eap-shop-line","8":"product_tag-250-499-mitarbeiter","10":"first","11":"instock","12":"virtual","13":"taxable","14":"purchasable","15":"product-type-simple"},"yoast_head":"<!-- This site is optimized with the Yoast SEO plugin v25.8 - https:\/\/yoast.com\/wordpress\/plugins\/seo\/ -->\n<title>EAP Pure Budget 250 - 499 Mitarbeiter - Lyra Luxembourg<\/title>\n<meta name=\"robots\" content=\"index, follow, max-snippet:-1, max-image-preview:large, max-video-preview:-1\" \/>\n<link rel=\"canonical\" href=\"https:\/\/lyrawellbeing.lu\/de\/shop\/produkte-eap-shop-line\/eap-pure-budget\/eap-pure-budget-250-499-ma\/\" \/>\n<meta property=\"og:locale\" content=\"de_DE\" \/>\n<meta property=\"og:type\" content=\"article\" \/>\n<meta property=\"og:title\" content=\"EAP Pure Budget 250 - 499 Mitarbeiter - Lyra Luxembourg\" \/>\n<meta property=\"og:description\" content=\"(Preis pro Mitarbeiter\/Jahr)  Das Online-Servicepaket f\u00fcr grosse Unternehmen erm\u00f6glicht eine schnelle und unkomplizierte Einf\u00fchrung der Mitarbeiterunterst\u00fctzung in Ihrem Betrieb. Der Zugang zur rechtlichen und psychologischen Beratung ist niederschwellig, und streng vertraulich. Nach Auswahl und Order erhalten Sie umgehend alles, was Sie zu einem sofortigen Einsatz und einer erfolgreichen Einf\u00fchrung der Services ben\u00f6tigen. Unser elektronisches Kommunikationspaket enth\u00e4lt ausf\u00fchrliche Erkl\u00e4rungen wie Brosch\u00fcren Infoposter, Erkl\u00e4rvideo, Zugang zur App usw.), damit Sie und Ihre Belegschaft die Vorteile \u201cIhres EAPs\u201d sofort nutzen k\u00f6nnen.  Das Paket beinhaltet:   7\/24 Beratung und Unterst\u00fctzung f\u00fcr emotionale und psychologische Anliegen per Telefon oder LiveChat  Pers\u00f6nliche Beratungssitzungen in der N\u00e4he des Arbeitsortes  Unterst\u00fctzung f\u00fcr F\u00fchrungskr\u00e4fte und HR  Vergleich Servicepakete AGB\/Kaufvertrag\" \/>\n<meta property=\"og:url\" content=\"https:\/\/lyrawellbeing.lu\/de\/shop\/produkte-eap-shop-line\/eap-pure-budget\/eap-pure-budget-250-499-ma\/\" \/>\n<meta property=\"og:site_name\" content=\"Lyra Luxembourg\" \/>\n<meta property=\"article:modified_time\" content=\"2022-05-19T09:40:34+00:00\" \/>\n<meta property=\"og:image\" content=\"https:\/\/lyrawellbeing.lu\/wp-content\/uploads\/2019\/09\/budget-250-499.jpg\" \/>\n\t<meta property=\"og:image:width\" content=\"393\" \/>\n\t<meta property=\"og:image:height\" content=\"393\" \/>\n\t<meta property=\"og:image:type\" content=\"image\/jpeg\" \/>\n<meta name=\"twitter:card\" content=\"summary_large_image\" \/>\n<script type=\"application\/ld+json\" class=\"yoast-schema-graph\">{\"@context\":\"https:\/\/schema.org\",\"@graph\":[{\"@type\":\"WebPage\",\"@id\":\"https:\/\/lyrawellbeing.lu\/de\/shop\/produkte-eap-shop-line\/eap-pure-budget\/eap-pure-budget-250-499-ma\/\",\"url\":\"https:\/\/lyrawellbeing.lu\/de\/shop\/produkte-eap-shop-line\/eap-pure-budget\/eap-pure-budget-250-499-ma\/\",\"name\":\"EAP Pure Budget 250 - 499 Mitarbeiter - Lyra Luxembourg\",\"isPartOf\":{\"@id\":\"https:\/\/lyrawellbeing.lu\/de\/#website\"},\"primaryImageOfPage\":{\"@id\":\"https:\/\/lyrawellbeing.lu\/de\/shop\/produkte-eap-shop-line\/eap-pure-budget\/eap-pure-budget-250-499-ma\/#primaryimage\"},\"image\":{\"@id\":\"https:\/\/lyrawellbeing.lu\/de\/shop\/produkte-eap-shop-line\/eap-pure-budget\/eap-pure-budget-250-499-ma\/#primaryimage\"},\"thumbnailUrl\":\"\/wp-content\/uploads\/2019\/09\/budget-250-499.jpg\",\"datePublished\":\"2019-09-17T14:40:04+00:00\",\"dateModified\":\"2022-05-19T09:40:34+00:00\",\"breadcrumb\":{\"@id\":\"https:\/\/lyrawellbeing.lu\/de\/shop\/produkte-eap-shop-line\/eap-pure-budget\/eap-pure-budget-250-499-ma\/#breadcrumb\"},\"inLanguage\":\"de\",\"potentialAction\":[{\"@type\":\"ReadAction\",\"target\":[\"https:\/\/lyrawellbeing.lu\/de\/shop\/produkte-eap-shop-line\/eap-pure-budget\/eap-pure-budget-250-499-ma\/\"]}]},{\"@type\":\"ImageObject\",\"inLanguage\":\"de\",\"@id\":\"https:\/\/lyrawellbeing.lu\/de\/shop\/produkte-eap-shop-line\/eap-pure-budget\/eap-pure-budget-250-499-ma\/#primaryimage\",\"url\":\"\/wp-content\/uploads\/2019\/09\/budget-250-499.jpg\",\"contentUrl\":\"\/wp-content\/uploads\/2019\/09\/budget-250-499.jpg\",\"width\":393,\"height\":393},{\"@type\":\"BreadcrumbList\",\"@id\":\"https:\/\/lyrawellbeing.lu\/de\/shop\/produkte-eap-shop-line\/eap-pure-budget\/eap-pure-budget-250-499-ma\/#breadcrumb\",\"itemListElement\":[{\"@type\":\"ListItem\",\"position\":1,\"name\":\"Home\",\"item\":\"https:\/\/lyrawellbeing.lu\/de\/externe-mitarbeiterberatung\/\"},{\"@type\":\"ListItem\",\"position\":2,\"name\":\"Shop\",\"item\":\"https:\/\/lyrawellbeing.lu\/de\/shop\/\"},{\"@type\":\"ListItem\",\"position\":3,\"name\":\"EAP Pure Budget 250 &#8211; 499 Mitarbeiter\"}]},{\"@type\":\"WebSite\",\"@id\":\"https:\/\/lyrawellbeing.lu\/de\/#website\",\"url\":\"https:\/\/lyrawellbeing.lu\/de\/\",\"name\":\"Lyra Luxembourg\",\"description\":\"\",\"publisher\":{\"@id\":\"https:\/\/lyrawellbeing.lu\/de\/#organization\"},\"potentialAction\":[{\"@type\":\"SearchAction\",\"target\":{\"@type\":\"EntryPoint\",\"urlTemplate\":\"https:\/\/lyrawellbeing.lu\/de\/?s={search_term_string}\"},\"query-input\":{\"@type\":\"PropertyValueSpecification\",\"valueRequired\":true,\"valueName\":\"search_term_string\"}}],\"inLanguage\":\"de\"},{\"@type\":\"Organization\",\"@id\":\"https:\/\/lyrawellbeing.lu\/de\/#organization\",\"name\":\"Lyra Luxembourg\",\"url\":\"https:\/\/lyrawellbeing.lu\/de\/\",\"logo\":{\"@type\":\"ImageObject\",\"inLanguage\":\"de\",\"@id\":\"https:\/\/lyrawellbeing.lu\/de\/#\/schema\/logo\/image\/\",\"url\":\"\/wp-content\/uploads\/2025\/07\/LyraLuxembourg_Teal_340x156px.png\",\"contentUrl\":\"\/wp-content\/uploads\/2025\/07\/LyraLuxembourg_Teal_340x156px.png\",\"width\":1360,\"height\":624,\"caption\":\"Lyra Luxembourg\"},\"image\":{\"@id\":\"https:\/\/lyrawellbeing.lu\/de\/#\/schema\/logo\/image\/\"}}]}<\/script>\n<!-- \/ Yoast SEO plugin. -->","yoast_head_json":{"title":"EAP Pure Budget 250 - 499 Mitarbeiter - Lyra Luxembourg","robots":{"index":"index","follow":"follow","max-snippet":"max-snippet:-1","max-image-preview":"max-image-preview:large","max-video-preview":"max-video-preview:-1"},"canonical":"https:\/\/lyrawellbeing.lu\/de\/shop\/produkte-eap-shop-line\/eap-pure-budget\/eap-pure-budget-250-499-ma\/","og_locale":"de_DE","og_type":"article","og_title":"EAP Pure Budget 250 - 499 Mitarbeiter - Lyra Luxembourg","og_description":"(Preis pro Mitarbeiter\/Jahr)  Das Online-Servicepaket f\u00fcr grosse Unternehmen erm\u00f6glicht eine schnelle und unkomplizierte Einf\u00fchrung der Mitarbeiterunterst\u00fctzung in Ihrem Betrieb. Der Zugang zur rechtlichen und psychologischen Beratung ist niederschwellig, und streng vertraulich. Nach Auswahl und Order erhalten Sie umgehend alles, was Sie zu einem sofortigen Einsatz und einer erfolgreichen Einf\u00fchrung der Services ben\u00f6tigen. Unser elektronisches Kommunikationspaket enth\u00e4lt ausf\u00fchrliche Erkl\u00e4rungen wie Brosch\u00fcren Infoposter, Erkl\u00e4rvideo, Zugang zur App usw.), damit Sie und Ihre Belegschaft die Vorteile \u201cIhres EAPs\u201d sofort nutzen k\u00f6nnen.  Das Paket beinhaltet:   7\/24 Beratung und Unterst\u00fctzung f\u00fcr emotionale und psychologische Anliegen per Telefon oder LiveChat  Pers\u00f6nliche Beratungssitzungen in der N\u00e4he des Arbeitsortes  Unterst\u00fctzung f\u00fcr F\u00fchrungskr\u00e4fte und HR  Vergleich Servicepakete AGB\/Kaufvertrag","og_url":"https:\/\/lyrawellbeing.lu\/de\/shop\/produkte-eap-shop-line\/eap-pure-budget\/eap-pure-budget-250-499-ma\/","og_site_name":"Lyra Luxembourg","article_modified_time":"2022-05-19T09:40:34+00:00","og_image":[{"width":393,"height":393,"url":"https:\/\/lyrawellbeing.lu\/wp-content\/uploads\/2019\/09\/budget-250-499.jpg","type":"image\/jpeg"}],"twitter_card":"summary_large_image","schema":{"@context":"https:\/\/schema.org","@graph":[{"@type":"WebPage","@id":"https:\/\/lyrawellbeing.lu\/de\/shop\/produkte-eap-shop-line\/eap-pure-budget\/eap-pure-budget-250-499-ma\/","url":"https:\/\/lyrawellbeing.lu\/de\/shop\/produkte-eap-shop-line\/eap-pure-budget\/eap-pure-budget-250-499-ma\/","name":"EAP Pure Budget 250 - 499 Mitarbeiter - Lyra Luxembourg","isPartOf":{"@id":"https:\/\/lyrawellbeing.lu\/de\/#website"},"primaryImageOfPage":{"@id":"https:\/\/lyrawellbeing.lu\/de\/shop\/produkte-eap-shop-line\/eap-pure-budget\/eap-pure-budget-250-499-ma\/#primaryimage"},"image":{"@id":"https:\/\/lyrawellbeing.lu\/de\/shop\/produkte-eap-shop-line\/eap-pure-budget\/eap-pure-budget-250-499-ma\/#primaryimage"},"thumbnailUrl":"\/wp-content\/uploads\/2019\/09\/budget-250-499.jpg","datePublished":"2019-09-17T14:40:04+00:00","dateModified":"2022-05-19T09:40:34+00:00","breadcrumb":{"@id":"https:\/\/lyrawellbeing.lu\/de\/shop\/produkte-eap-shop-line\/eap-pure-budget\/eap-pure-budget-250-499-ma\/#breadcrumb"},"inLanguage":"de","potentialAction":[{"@type":"ReadAction","target":["https:\/\/lyrawellbeing.lu\/de\/shop\/produkte-eap-shop-line\/eap-pure-budget\/eap-pure-budget-250-499-ma\/"]}]},{"@type":"ImageObject","inLanguage":"de","@id":"https:\/\/lyrawellbeing.lu\/de\/shop\/produkte-eap-shop-line\/eap-pure-budget\/eap-pure-budget-250-499-ma\/#primaryimage","url":"\/wp-content\/uploads\/2019\/09\/budget-250-499.jpg","contentUrl":"\/wp-content\/uploads\/2019\/09\/budget-250-499.jpg","width":393,"height":393},{"@type":"BreadcrumbList","@id":"https:\/\/lyrawellbeing.lu\/de\/shop\/produkte-eap-shop-line\/eap-pure-budget\/eap-pure-budget-250-499-ma\/#breadcrumb","itemListElement":[{"@type":"ListItem","position":1,"name":"Home","item":"https:\/\/lyrawellbeing.lu\/de\/externe-mitarbeiterberatung\/"},{"@type":"ListItem","position":2,"name":"Shop","item":"https:\/\/lyrawellbeing.lu\/de\/shop\/"},{"@type":"ListItem","position":3,"name":"EAP Pure Budget 250 &#8211; 499 Mitarbeiter"}]},{"@type":"WebSite","@id":"https:\/\/lyrawellbeing.lu\/de\/#website","url":"https:\/\/lyrawellbeing.lu\/de\/","name":"Lyra Luxembourg","description":"","publisher":{"@id":"https:\/\/lyrawellbeing.lu\/de\/#organization"},"potentialAction":[{"@type":"SearchAction","target":{"@type":"EntryPoint","urlTemplate":"https:\/\/lyrawellbeing.lu\/de\/?s={search_term_string}"},"query-input":{"@type":"PropertyValueSpecification","valueRequired":true,"valueName":"search_term_string"}}],"inLanguage":"de"},{"@type":"Organization","@id":"https:\/\/lyrawellbeing.lu\/de\/#organization","name":"Lyra Luxembourg","url":"https:\/\/lyrawellbeing.lu\/de\/","logo":{"@type":"ImageObject","inLanguage":"de","@id":"https:\/\/lyrawellbeing.lu\/de\/#\/schema\/logo\/image\/","url":"\/wp-content\/uploads\/2025\/07\/LyraLuxembourg_Teal_340x156px.png","contentUrl":"\/wp-content\/uploads\/2025\/07\/LyraLuxembourg_Teal_340x156px.png","width":1360,"height":624,"caption":"Lyra Luxembourg"},"image":{"@id":"https:\/\/lyrawellbeing.lu\/de\/#\/schema\/logo\/image\/"}}]}},"_links":{"self":[{"href":"https:\/\/lyrawellbeing.lu\/de\/wp-json\/wp\/v2\/product\/1310"}],"collection":[{"href":"https:\/\/lyrawellbeing.lu\/de\/wp-json\/wp\/v2\/product"}],"about":[{"href":"https:\/\/lyrawellbeing.lu\/de\/wp-json\/wp\/v2\/types\/product"}],"wp:featuredmedia":[{"embeddable":true,"href":"https:\/\/lyrawellbeing.lu\/de\/wp-json\/wp\/v2\/media\/1300"}],"wp:attachment":[{"href":"https:\/\/lyrawellbeing.lu\/de\/wp-json\/wp\/v2\/media?parent=1310"}],"wp:term":[{"taxonomy":"product_brand","embeddable":true,"href":"https:\/\/lyrawellbeing.lu\/de\/wp-json\/wp\/v2\/product_brand?post=1310"},{"taxonomy":"product_cat","embeddable":true,"href":"https:\/\/lyrawellbeing.lu\/de\/wp-json\/wp\/v2\/product_cat?post=1310"},{"taxonomy":"product_tag","embeddable":true,"href":"https:\/\/lyrawellbeing.lu\/de\/wp-json\/wp\/v2\/product_tag?post=1310"}],"curies":[{"name":"wp","href":"https:\/\/api.w.org\/{rel}","templated":true}]}}