{"id":628,"date":"2019-06-21T09:00:13","date_gmt":"2019-06-21T07:00:13","guid":{"rendered":"https:\/\/lyrawellbeinglu-a7f6fwfwehh3g7fu.switzerlandnorth-01.azurewebsites.net\/?post_type=product&#038;p=628"},"modified":"2025-05-21T10:11:11","modified_gmt":"2025-05-21T08:11:11","slug":"kommunikation","status":"publish","type":"product","link":"https:\/\/lyrawellbeing.lu\/de\/shop\/lyra-wellbeing-academy-produkte-line\/kommunikation\/","title":{"rendered":"Kommunikation"},"content":{"rendered":"","protected":false},"excerpt":{"rendered":"<p>Wer im Team erfolgreich kommuniziert, tr\u00e4gt zur Qualit\u00e4t der Arbeit bei, f\u00f6rdert eine positive Stimmung und beugt Konflikten vor. Eine wirkungsvolle und ad\u00e4quate Kommunikation kann leider nicht als gegeben erachtet werden, l\u00e4sst sich aber erlernen.<\/p>\n","protected":false},"featured_media":6488,"template":"","meta":[],"product_brand":[],"product_cat":[20],"product_tag":[],"class_list":{"0":"post-628","1":"product","2":"type-product","3":"status-publish","4":"has-post-thumbnail","6":"product_cat-lyra-wellbeing-academy-produkte-line","8":"first","9":"instock","10":"taxable","11":"shipping-taxable","12":"purchasable","13":"product-type-variable"},"yoast_head":"<!-- This site is optimized with the Yoast SEO plugin v25.8 - https:\/\/yoast.com\/wordpress\/plugins\/seo\/ -->\n<title>Kommunikation - Lyra Luxembourg<\/title>\n<meta name=\"robots\" content=\"index, follow, max-snippet:-1, max-image-preview:large, max-video-preview:-1\" \/>\n<link rel=\"canonical\" href=\"https:\/\/lyrawellbeing.lu\/de\/shop\/lyra-wellbeing-academy-produkte-line\/kommunikation\/\" \/>\n<meta property=\"og:locale\" content=\"de_DE\" \/>\n<meta property=\"og:type\" content=\"article\" \/>\n<meta property=\"og:title\" content=\"Kommunikation - Lyra Luxembourg\" \/>\n<meta property=\"og:description\" content=\"Wer im Team erfolgreich kommuniziert, tr\u00e4gt zur Qualit\u00e4t der Arbeit bei, f\u00f6rdert eine positive Stimmung und beugt Konflikten vor. Eine wirkungsvolle und ad\u00e4quate Kommunikation kann leider nicht als gegeben erachtet werden, l\u00e4sst sich aber erlernen.\" \/>\n<meta property=\"og:url\" content=\"https:\/\/lyrawellbeing.lu\/de\/shop\/lyra-wellbeing-academy-produkte-line\/kommunikation\/\" \/>\n<meta property=\"og:site_name\" content=\"Lyra Luxembourg\" \/>\n<meta property=\"article:modified_time\" content=\"2025-05-21T08:11:11+00:00\" \/>\n<meta property=\"og:image\" content=\"https:\/\/lyrawellbeing.lu\/wp-content\/uploads\/2019\/06\/istockphoto-953782406-2048x2048-2.jpg\" \/>\n\t<meta property=\"og:image:width\" content=\"1400\" \/>\n\t<meta property=\"og:image:height\" content=\"701\" \/>\n\t<meta property=\"og:image:type\" content=\"image\/jpeg\" \/>\n<meta name=\"twitter:card\" content=\"summary_large_image\" \/>\n<script type=\"application\/ld+json\" class=\"yoast-schema-graph\">{\"@context\":\"https:\/\/schema.org\",\"@graph\":[{\"@type\":\"WebPage\",\"@id\":\"https:\/\/lyrawellbeing.lu\/de\/shop\/lyra-wellbeing-academy-produkte-line\/kommunikation\/\",\"url\":\"https:\/\/lyrawellbeing.lu\/de\/shop\/lyra-wellbeing-academy-produkte-line\/kommunikation\/\",\"name\":\"Kommunikation - Lyra Luxembourg\",\"isPartOf\":{\"@id\":\"https:\/\/lyrawellbeing.lu\/de\/#website\"},\"primaryImageOfPage\":{\"@id\":\"https:\/\/lyrawellbeing.lu\/de\/shop\/lyra-wellbeing-academy-produkte-line\/kommunikation\/#primaryimage\"},\"image\":{\"@id\":\"https:\/\/lyrawellbeing.lu\/de\/shop\/lyra-wellbeing-academy-produkte-line\/kommunikation\/#primaryimage\"},\"thumbnailUrl\":\"\/wp-content\/uploads\/2019\/06\/istockphoto-953782406-2048x2048-2.jpg\",\"datePublished\":\"2019-06-21T07:00:13+00:00\",\"dateModified\":\"2025-05-21T08:11:11+00:00\",\"breadcrumb\":{\"@id\":\"https:\/\/lyrawellbeing.lu\/de\/shop\/lyra-wellbeing-academy-produkte-line\/kommunikation\/#breadcrumb\"},\"inLanguage\":\"de\",\"potentialAction\":[{\"@type\":\"ReadAction\",\"target\":[\"https:\/\/lyrawellbeing.lu\/de\/shop\/lyra-wellbeing-academy-produkte-line\/kommunikation\/\"]}]},{\"@type\":\"ImageObject\",\"inLanguage\":\"de\",\"@id\":\"https:\/\/lyrawellbeing.lu\/de\/shop\/lyra-wellbeing-academy-produkte-line\/kommunikation\/#primaryimage\",\"url\":\"\/wp-content\/uploads\/2019\/06\/istockphoto-953782406-2048x2048-2.jpg\",\"contentUrl\":\"\/wp-content\/uploads\/2019\/06\/istockphoto-953782406-2048x2048-2.jpg\",\"width\":1400,\"height\":701,\"caption\":\"Hand of touching network connecting the human dots icon in business project management. Teamwork organization and brainstorm concept\"},{\"@type\":\"BreadcrumbList\",\"@id\":\"https:\/\/lyrawellbeing.lu\/de\/shop\/lyra-wellbeing-academy-produkte-line\/kommunikation\/#breadcrumb\",\"itemListElement\":[{\"@type\":\"ListItem\",\"position\":1,\"name\":\"Home\",\"item\":\"https:\/\/lyrawellbeing.lu\/de\/externe-mitarbeiterberatung\/\"},{\"@type\":\"ListItem\",\"position\":2,\"name\":\"Shop\",\"item\":\"https:\/\/lyrawellbeing.lu\/de\/shop\/\"},{\"@type\":\"ListItem\",\"position\":3,\"name\":\"Kommunikation\"}]},{\"@type\":\"WebSite\",\"@id\":\"https:\/\/lyrawellbeing.lu\/de\/#website\",\"url\":\"https:\/\/lyrawellbeing.lu\/de\/\",\"name\":\"Lyra Luxembourg\",\"description\":\"\",\"publisher\":{\"@id\":\"https:\/\/lyrawellbeing.lu\/de\/#organization\"},\"potentialAction\":[{\"@type\":\"SearchAction\",\"target\":{\"@type\":\"EntryPoint\",\"urlTemplate\":\"https:\/\/lyrawellbeing.lu\/de\/?s={search_term_string}\"},\"query-input\":{\"@type\":\"PropertyValueSpecification\",\"valueRequired\":true,\"valueName\":\"search_term_string\"}}],\"inLanguage\":\"de\"},{\"@type\":\"Organization\",\"@id\":\"https:\/\/lyrawellbeing.lu\/de\/#organization\",\"name\":\"Lyra Luxembourg\",\"url\":\"https:\/\/lyrawellbeing.lu\/de\/\",\"logo\":{\"@type\":\"ImageObject\",\"inLanguage\":\"de\",\"@id\":\"https:\/\/lyrawellbeing.lu\/de\/#\/schema\/logo\/image\/\",\"url\":\"\/wp-content\/uploads\/2025\/07\/LyraLuxembourg_Teal_340x156px.png\",\"contentUrl\":\"\/wp-content\/uploads\/2025\/07\/LyraLuxembourg_Teal_340x156px.png\",\"width\":1360,\"height\":624,\"caption\":\"Lyra Luxembourg\"},\"image\":{\"@id\":\"https:\/\/lyrawellbeing.lu\/de\/#\/schema\/logo\/image\/\"}}]}<\/script>\n<!-- \/ Yoast SEO plugin. -->","yoast_head_json":{"title":"Kommunikation - Lyra Luxembourg","robots":{"index":"index","follow":"follow","max-snippet":"max-snippet:-1","max-image-preview":"max-image-preview:large","max-video-preview":"max-video-preview:-1"},"canonical":"https:\/\/lyrawellbeing.lu\/de\/shop\/lyra-wellbeing-academy-produkte-line\/kommunikation\/","og_locale":"de_DE","og_type":"article","og_title":"Kommunikation - Lyra Luxembourg","og_description":"Wer im Team erfolgreich kommuniziert, tr\u00e4gt zur Qualit\u00e4t der Arbeit bei, f\u00f6rdert eine positive Stimmung und beugt Konflikten vor. Eine wirkungsvolle und ad\u00e4quate Kommunikation kann leider nicht als gegeben erachtet werden, l\u00e4sst sich aber erlernen.","og_url":"https:\/\/lyrawellbeing.lu\/de\/shop\/lyra-wellbeing-academy-produkte-line\/kommunikation\/","og_site_name":"Lyra Luxembourg","article_modified_time":"2025-05-21T08:11:11+00:00","og_image":[{"width":1400,"height":701,"url":"https:\/\/lyrawellbeing.lu\/wp-content\/uploads\/2019\/06\/istockphoto-953782406-2048x2048-2.jpg","type":"image\/jpeg"}],"twitter_card":"summary_large_image","schema":{"@context":"https:\/\/schema.org","@graph":[{"@type":"WebPage","@id":"https:\/\/lyrawellbeing.lu\/de\/shop\/lyra-wellbeing-academy-produkte-line\/kommunikation\/","url":"https:\/\/lyrawellbeing.lu\/de\/shop\/lyra-wellbeing-academy-produkte-line\/kommunikation\/","name":"Kommunikation - Lyra Luxembourg","isPartOf":{"@id":"https:\/\/lyrawellbeing.lu\/de\/#website"},"primaryImageOfPage":{"@id":"https:\/\/lyrawellbeing.lu\/de\/shop\/lyra-wellbeing-academy-produkte-line\/kommunikation\/#primaryimage"},"image":{"@id":"https:\/\/lyrawellbeing.lu\/de\/shop\/lyra-wellbeing-academy-produkte-line\/kommunikation\/#primaryimage"},"thumbnailUrl":"\/wp-content\/uploads\/2019\/06\/istockphoto-953782406-2048x2048-2.jpg","datePublished":"2019-06-21T07:00:13+00:00","dateModified":"2025-05-21T08:11:11+00:00","breadcrumb":{"@id":"https:\/\/lyrawellbeing.lu\/de\/shop\/lyra-wellbeing-academy-produkte-line\/kommunikation\/#breadcrumb"},"inLanguage":"de","potentialAction":[{"@type":"ReadAction","target":["https:\/\/lyrawellbeing.lu\/de\/shop\/lyra-wellbeing-academy-produkte-line\/kommunikation\/"]}]},{"@type":"ImageObject","inLanguage":"de","@id":"https:\/\/lyrawellbeing.lu\/de\/shop\/lyra-wellbeing-academy-produkte-line\/kommunikation\/#primaryimage","url":"\/wp-content\/uploads\/2019\/06\/istockphoto-953782406-2048x2048-2.jpg","contentUrl":"\/wp-content\/uploads\/2019\/06\/istockphoto-953782406-2048x2048-2.jpg","width":1400,"height":701,"caption":"Hand of touching network connecting the human dots icon in business project management. Teamwork organization and brainstorm concept"},{"@type":"BreadcrumbList","@id":"https:\/\/lyrawellbeing.lu\/de\/shop\/lyra-wellbeing-academy-produkte-line\/kommunikation\/#breadcrumb","itemListElement":[{"@type":"ListItem","position":1,"name":"Home","item":"https:\/\/lyrawellbeing.lu\/de\/externe-mitarbeiterberatung\/"},{"@type":"ListItem","position":2,"name":"Shop","item":"https:\/\/lyrawellbeing.lu\/de\/shop\/"},{"@type":"ListItem","position":3,"name":"Kommunikation"}]},{"@type":"WebSite","@id":"https:\/\/lyrawellbeing.lu\/de\/#website","url":"https:\/\/lyrawellbeing.lu\/de\/","name":"Lyra Luxembourg","description":"","publisher":{"@id":"https:\/\/lyrawellbeing.lu\/de\/#organization"},"potentialAction":[{"@type":"SearchAction","target":{"@type":"EntryPoint","urlTemplate":"https:\/\/lyrawellbeing.lu\/de\/?s={search_term_string}"},"query-input":{"@type":"PropertyValueSpecification","valueRequired":true,"valueName":"search_term_string"}}],"inLanguage":"de"},{"@type":"Organization","@id":"https:\/\/lyrawellbeing.lu\/de\/#organization","name":"Lyra Luxembourg","url":"https:\/\/lyrawellbeing.lu\/de\/","logo":{"@type":"ImageObject","inLanguage":"de","@id":"https:\/\/lyrawellbeing.lu\/de\/#\/schema\/logo\/image\/","url":"\/wp-content\/uploads\/2025\/07\/LyraLuxembourg_Teal_340x156px.png","contentUrl":"\/wp-content\/uploads\/2025\/07\/LyraLuxembourg_Teal_340x156px.png","width":1360,"height":624,"caption":"Lyra Luxembourg"},"image":{"@id":"https:\/\/lyrawellbeing.lu\/de\/#\/schema\/logo\/image\/"}}]}},"_links":{"self":[{"href":"https:\/\/lyrawellbeing.lu\/de\/wp-json\/wp\/v2\/product\/628"}],"collection":[{"href":"https:\/\/lyrawellbeing.lu\/de\/wp-json\/wp\/v2\/product"}],"about":[{"href":"https:\/\/lyrawellbeing.lu\/de\/wp-json\/wp\/v2\/types\/product"}],"wp:featuredmedia":[{"embeddable":true,"href":"https:\/\/lyrawellbeing.lu\/de\/wp-json\/wp\/v2\/media\/6488"}],"wp:attachment":[{"href":"https:\/\/lyrawellbeing.lu\/de\/wp-json\/wp\/v2\/media?parent=628"}],"wp:term":[{"taxonomy":"product_brand","embeddable":true,"href":"https:\/\/lyrawellbeing.lu\/de\/wp-json\/wp\/v2\/product_brand?post=628"},{"taxonomy":"product_cat","embeddable":true,"href":"https:\/\/lyrawellbeing.lu\/de\/wp-json\/wp\/v2\/product_cat?post=628"},{"taxonomy":"product_tag","embeddable":true,"href":"https:\/\/lyrawellbeing.lu\/de\/wp-json\/wp\/v2\/product_tag?post=628"}],"curies":[{"name":"wp","href":"https:\/\/api.w.org\/{rel}","templated":true}]}}