{"id":644,"date":"2019-06-21T09:18:45","date_gmt":"2019-06-21T07:18:45","guid":{"rendered":"https:\/\/lyrawellbeinglu-a7f6fwfwehh3g7fu.switzerlandnorth-01.azurewebsites.net\/?post_type=product&#038;p=644"},"modified":"2025-05-08T09:12:58","modified_gmt":"2025-05-08T07:12:58","slug":"mobbing-und-sexuelle-belastigung-am-arbeitsplatz","status":"publish","type":"product","link":"https:\/\/lyrawellbeing.lu\/de\/shop\/lyra-wellbeing-academy-produkte-line\/mobbing-und-sexuelle-belastigung-am-arbeitsplatz\/","title":{"rendered":"Mobbing und sexuelle Bel\u00e4stigung am Arbeitsplatz"},"content":{"rendered":"","protected":false},"excerpt":{"rendered":"<p>Spass oder Bel\u00e4stigung? Diese Unsicherheit f\u00fchrt dazu, dass sowohl Betroffene als auch F\u00fchrungskr\u00e4fte oft zu sp\u00e4t reagieren. Was Sie als Betroffener tun k\u00f6nnen und wie Sie als F\u00fchrungskraft mit der Situation umgehen m\u00fcssen, erfahren Sie in unseren Seminaren.<\/p>\n","protected":false},"featured_media":675,"template":"","meta":[],"product_brand":[],"product_cat":[20],"product_tag":[],"class_list":{"0":"post-644","1":"product","2":"type-product","3":"status-publish","4":"has-post-thumbnail","6":"product_cat-lyra-wellbeing-academy-produkte-line","8":"first","9":"instock","10":"taxable","11":"shipping-taxable","12":"purchasable","13":"product-type-variable"},"yoast_head":"<!-- This site is optimized with the Yoast SEO plugin v25.8 - https:\/\/yoast.com\/wordpress\/plugins\/seo\/ -->\n<title>Mobbing und sexuelle Bel\u00e4stigung am Arbeitsplatz - Lyra Luxembourg<\/title>\n<meta name=\"robots\" content=\"index, follow, max-snippet:-1, max-image-preview:large, max-video-preview:-1\" \/>\n<link rel=\"canonical\" href=\"https:\/\/lyrawellbeing.lu\/de\/shop\/lyra-wellbeing-academy-produkte-line\/mobbing-und-sexuelle-belastigung-am-arbeitsplatz\/\" \/>\n<meta property=\"og:locale\" content=\"de_DE\" \/>\n<meta property=\"og:type\" content=\"article\" \/>\n<meta property=\"og:title\" content=\"Mobbing und sexuelle Bel\u00e4stigung am Arbeitsplatz - Lyra Luxembourg\" \/>\n<meta property=\"og:description\" content=\"Spass oder Bel\u00e4stigung? Diese Unsicherheit f\u00fchrt dazu, dass sowohl Betroffene als auch F\u00fchrungskr\u00e4fte oft zu sp\u00e4t reagieren. Was Sie als Betroffener tun k\u00f6nnen und wie Sie als F\u00fchrungskraft mit der Situation umgehen m\u00fcssen, erfahren Sie in unseren Seminaren.\" \/>\n<meta property=\"og:url\" content=\"https:\/\/lyrawellbeing.lu\/de\/shop\/lyra-wellbeing-academy-produkte-line\/mobbing-und-sexuelle-belastigung-am-arbeitsplatz\/\" \/>\n<meta property=\"og:site_name\" content=\"Lyra Luxembourg\" \/>\n<meta property=\"article:modified_time\" content=\"2025-05-08T07:12:58+00:00\" \/>\n<meta property=\"og:image\" content=\"https:\/\/lyrawellbeing.lu\/wp-content\/uploads\/2019\/06\/istockphoto-465386258-2048x2048.jpg\" \/>\n\t<meta property=\"og:image:width\" content=\"1400\" \/>\n\t<meta property=\"og:image:height\" content=\"933\" \/>\n\t<meta property=\"og:image:type\" content=\"image\/jpeg\" \/>\n<meta name=\"twitter:card\" content=\"summary_large_image\" \/>\n<script type=\"application\/ld+json\" class=\"yoast-schema-graph\">{\"@context\":\"https:\/\/schema.org\",\"@graph\":[{\"@type\":\"WebPage\",\"@id\":\"https:\/\/lyrawellbeing.lu\/de\/shop\/lyra-wellbeing-academy-produkte-line\/mobbing-und-sexuelle-belastigung-am-arbeitsplatz\/\",\"url\":\"https:\/\/lyrawellbeing.lu\/de\/shop\/lyra-wellbeing-academy-produkte-line\/mobbing-und-sexuelle-belastigung-am-arbeitsplatz\/\",\"name\":\"Mobbing und sexuelle Bel\u00e4stigung am Arbeitsplatz - Lyra Luxembourg\",\"isPartOf\":{\"@id\":\"https:\/\/lyrawellbeing.lu\/de\/#website\"},\"primaryImageOfPage\":{\"@id\":\"https:\/\/lyrawellbeing.lu\/de\/shop\/lyra-wellbeing-academy-produkte-line\/mobbing-und-sexuelle-belastigung-am-arbeitsplatz\/#primaryimage\"},\"image\":{\"@id\":\"https:\/\/lyrawellbeing.lu\/de\/shop\/lyra-wellbeing-academy-produkte-line\/mobbing-und-sexuelle-belastigung-am-arbeitsplatz\/#primaryimage\"},\"thumbnailUrl\":\"\/wp-content\/uploads\/2019\/06\/istockphoto-465386258-2048x2048.jpg\",\"datePublished\":\"2019-06-21T07:18:45+00:00\",\"dateModified\":\"2025-05-08T07:12:58+00:00\",\"breadcrumb\":{\"@id\":\"https:\/\/lyrawellbeing.lu\/de\/shop\/lyra-wellbeing-academy-produkte-line\/mobbing-und-sexuelle-belastigung-am-arbeitsplatz\/#breadcrumb\"},\"inLanguage\":\"de\",\"potentialAction\":[{\"@type\":\"ReadAction\",\"target\":[\"https:\/\/lyrawellbeing.lu\/de\/shop\/lyra-wellbeing-academy-produkte-line\/mobbing-und-sexuelle-belastigung-am-arbeitsplatz\/\"]}]},{\"@type\":\"ImageObject\",\"inLanguage\":\"de\",\"@id\":\"https:\/\/lyrawellbeing.lu\/de\/shop\/lyra-wellbeing-academy-produkte-line\/mobbing-und-sexuelle-belastigung-am-arbeitsplatz\/#primaryimage\",\"url\":\"\/wp-content\/uploads\/2019\/06\/istockphoto-465386258-2048x2048.jpg\",\"contentUrl\":\"\/wp-content\/uploads\/2019\/06\/istockphoto-465386258-2048x2048.jpg\",\"width\":1400,\"height\":933,\"caption\":\"Colleagues gossiping with sad young businessman in foreground at a bright office\"},{\"@type\":\"BreadcrumbList\",\"@id\":\"https:\/\/lyrawellbeing.lu\/de\/shop\/lyra-wellbeing-academy-produkte-line\/mobbing-und-sexuelle-belastigung-am-arbeitsplatz\/#breadcrumb\",\"itemListElement\":[{\"@type\":\"ListItem\",\"position\":1,\"name\":\"Home\",\"item\":\"https:\/\/lyrawellbeing.lu\/de\/externe-mitarbeiterberatung\/\"},{\"@type\":\"ListItem\",\"position\":2,\"name\":\"Shop\",\"item\":\"https:\/\/lyrawellbeing.lu\/de\/shop\/\"},{\"@type\":\"ListItem\",\"position\":3,\"name\":\"Mobbing und sexuelle Bel\u00e4stigung am Arbeitsplatz\"}]},{\"@type\":\"WebSite\",\"@id\":\"https:\/\/lyrawellbeing.lu\/de\/#website\",\"url\":\"https:\/\/lyrawellbeing.lu\/de\/\",\"name\":\"Lyra Luxembourg\",\"description\":\"\",\"publisher\":{\"@id\":\"https:\/\/lyrawellbeing.lu\/de\/#organization\"},\"potentialAction\":[{\"@type\":\"SearchAction\",\"target\":{\"@type\":\"EntryPoint\",\"urlTemplate\":\"https:\/\/lyrawellbeing.lu\/de\/?s={search_term_string}\"},\"query-input\":{\"@type\":\"PropertyValueSpecification\",\"valueRequired\":true,\"valueName\":\"search_term_string\"}}],\"inLanguage\":\"de\"},{\"@type\":\"Organization\",\"@id\":\"https:\/\/lyrawellbeing.lu\/de\/#organization\",\"name\":\"Lyra Luxembourg\",\"url\":\"https:\/\/lyrawellbeing.lu\/de\/\",\"logo\":{\"@type\":\"ImageObject\",\"inLanguage\":\"de\",\"@id\":\"https:\/\/lyrawellbeing.lu\/de\/#\/schema\/logo\/image\/\",\"url\":\"\/wp-content\/uploads\/2025\/07\/LyraLuxembourg_Teal_340x156px.png\",\"contentUrl\":\"\/wp-content\/uploads\/2025\/07\/LyraLuxembourg_Teal_340x156px.png\",\"width\":1360,\"height\":624,\"caption\":\"Lyra Luxembourg\"},\"image\":{\"@id\":\"https:\/\/lyrawellbeing.lu\/de\/#\/schema\/logo\/image\/\"}}]}<\/script>\n<!-- \/ Yoast SEO plugin. -->","yoast_head_json":{"title":"Mobbing und sexuelle Bel\u00e4stigung am Arbeitsplatz - Lyra Luxembourg","robots":{"index":"index","follow":"follow","max-snippet":"max-snippet:-1","max-image-preview":"max-image-preview:large","max-video-preview":"max-video-preview:-1"},"canonical":"https:\/\/lyrawellbeing.lu\/de\/shop\/lyra-wellbeing-academy-produkte-line\/mobbing-und-sexuelle-belastigung-am-arbeitsplatz\/","og_locale":"de_DE","og_type":"article","og_title":"Mobbing und sexuelle Bel\u00e4stigung am Arbeitsplatz - Lyra Luxembourg","og_description":"Spass oder Bel\u00e4stigung? Diese Unsicherheit f\u00fchrt dazu, dass sowohl Betroffene als auch F\u00fchrungskr\u00e4fte oft zu sp\u00e4t reagieren. Was Sie als Betroffener tun k\u00f6nnen und wie Sie als F\u00fchrungskraft mit der Situation umgehen m\u00fcssen, erfahren Sie in unseren Seminaren.","og_url":"https:\/\/lyrawellbeing.lu\/de\/shop\/lyra-wellbeing-academy-produkte-line\/mobbing-und-sexuelle-belastigung-am-arbeitsplatz\/","og_site_name":"Lyra Luxembourg","article_modified_time":"2025-05-08T07:12:58+00:00","og_image":[{"width":1400,"height":933,"url":"https:\/\/lyrawellbeing.lu\/wp-content\/uploads\/2019\/06\/istockphoto-465386258-2048x2048.jpg","type":"image\/jpeg"}],"twitter_card":"summary_large_image","schema":{"@context":"https:\/\/schema.org","@graph":[{"@type":"WebPage","@id":"https:\/\/lyrawellbeing.lu\/de\/shop\/lyra-wellbeing-academy-produkte-line\/mobbing-und-sexuelle-belastigung-am-arbeitsplatz\/","url":"https:\/\/lyrawellbeing.lu\/de\/shop\/lyra-wellbeing-academy-produkte-line\/mobbing-und-sexuelle-belastigung-am-arbeitsplatz\/","name":"Mobbing und sexuelle Bel\u00e4stigung am Arbeitsplatz - Lyra Luxembourg","isPartOf":{"@id":"https:\/\/lyrawellbeing.lu\/de\/#website"},"primaryImageOfPage":{"@id":"https:\/\/lyrawellbeing.lu\/de\/shop\/lyra-wellbeing-academy-produkte-line\/mobbing-und-sexuelle-belastigung-am-arbeitsplatz\/#primaryimage"},"image":{"@id":"https:\/\/lyrawellbeing.lu\/de\/shop\/lyra-wellbeing-academy-produkte-line\/mobbing-und-sexuelle-belastigung-am-arbeitsplatz\/#primaryimage"},"thumbnailUrl":"\/wp-content\/uploads\/2019\/06\/istockphoto-465386258-2048x2048.jpg","datePublished":"2019-06-21T07:18:45+00:00","dateModified":"2025-05-08T07:12:58+00:00","breadcrumb":{"@id":"https:\/\/lyrawellbeing.lu\/de\/shop\/lyra-wellbeing-academy-produkte-line\/mobbing-und-sexuelle-belastigung-am-arbeitsplatz\/#breadcrumb"},"inLanguage":"de","potentialAction":[{"@type":"ReadAction","target":["https:\/\/lyrawellbeing.lu\/de\/shop\/lyra-wellbeing-academy-produkte-line\/mobbing-und-sexuelle-belastigung-am-arbeitsplatz\/"]}]},{"@type":"ImageObject","inLanguage":"de","@id":"https:\/\/lyrawellbeing.lu\/de\/shop\/lyra-wellbeing-academy-produkte-line\/mobbing-und-sexuelle-belastigung-am-arbeitsplatz\/#primaryimage","url":"\/wp-content\/uploads\/2019\/06\/istockphoto-465386258-2048x2048.jpg","contentUrl":"\/wp-content\/uploads\/2019\/06\/istockphoto-465386258-2048x2048.jpg","width":1400,"height":933,"caption":"Colleagues gossiping with sad young businessman in foreground at a bright office"},{"@type":"BreadcrumbList","@id":"https:\/\/lyrawellbeing.lu\/de\/shop\/lyra-wellbeing-academy-produkte-line\/mobbing-und-sexuelle-belastigung-am-arbeitsplatz\/#breadcrumb","itemListElement":[{"@type":"ListItem","position":1,"name":"Home","item":"https:\/\/lyrawellbeing.lu\/de\/externe-mitarbeiterberatung\/"},{"@type":"ListItem","position":2,"name":"Shop","item":"https:\/\/lyrawellbeing.lu\/de\/shop\/"},{"@type":"ListItem","position":3,"name":"Mobbing und sexuelle Bel\u00e4stigung am Arbeitsplatz"}]},{"@type":"WebSite","@id":"https:\/\/lyrawellbeing.lu\/de\/#website","url":"https:\/\/lyrawellbeing.lu\/de\/","name":"Lyra Luxembourg","description":"","publisher":{"@id":"https:\/\/lyrawellbeing.lu\/de\/#organization"},"potentialAction":[{"@type":"SearchAction","target":{"@type":"EntryPoint","urlTemplate":"https:\/\/lyrawellbeing.lu\/de\/?s={search_term_string}"},"query-input":{"@type":"PropertyValueSpecification","valueRequired":true,"valueName":"search_term_string"}}],"inLanguage":"de"},{"@type":"Organization","@id":"https:\/\/lyrawellbeing.lu\/de\/#organization","name":"Lyra Luxembourg","url":"https:\/\/lyrawellbeing.lu\/de\/","logo":{"@type":"ImageObject","inLanguage":"de","@id":"https:\/\/lyrawellbeing.lu\/de\/#\/schema\/logo\/image\/","url":"\/wp-content\/uploads\/2025\/07\/LyraLuxembourg_Teal_340x156px.png","contentUrl":"\/wp-content\/uploads\/2025\/07\/LyraLuxembourg_Teal_340x156px.png","width":1360,"height":624,"caption":"Lyra Luxembourg"},"image":{"@id":"https:\/\/lyrawellbeing.lu\/de\/#\/schema\/logo\/image\/"}}]}},"_links":{"self":[{"href":"https:\/\/lyrawellbeing.lu\/de\/wp-json\/wp\/v2\/product\/644"}],"collection":[{"href":"https:\/\/lyrawellbeing.lu\/de\/wp-json\/wp\/v2\/product"}],"about":[{"href":"https:\/\/lyrawellbeing.lu\/de\/wp-json\/wp\/v2\/types\/product"}],"wp:featuredmedia":[{"embeddable":true,"href":"https:\/\/lyrawellbeing.lu\/de\/wp-json\/wp\/v2\/media\/675"}],"wp:attachment":[{"href":"https:\/\/lyrawellbeing.lu\/de\/wp-json\/wp\/v2\/media?parent=644"}],"wp:term":[{"taxonomy":"product_brand","embeddable":true,"href":"https:\/\/lyrawellbeing.lu\/de\/wp-json\/wp\/v2\/product_brand?post=644"},{"taxonomy":"product_cat","embeddable":true,"href":"https:\/\/lyrawellbeing.lu\/de\/wp-json\/wp\/v2\/product_cat?post=644"},{"taxonomy":"product_tag","embeddable":true,"href":"https:\/\/lyrawellbeing.lu\/de\/wp-json\/wp\/v2\/product_tag?post=644"}],"curies":[{"name":"wp","href":"https:\/\/api.w.org\/{rel}","templated":true}]}}